{"id":106,"date":"2023-11-20T19:08:20","date_gmt":"2023-11-20T18:08:20","guid":{"rendered":"https:\/\/aureliaclement.com\/?page_id=106"},"modified":"2026-04-14T17:32:38","modified_gmt":"2026-04-14T15:32:38","slug":"leclat-de-la-nuit","status":"publish","type":"page","link":"https:\/\/aureliaclement.com\/?page_id=106","title":{"rendered":"L&rsquo;\u00e9clat de la nuit"},"content":{"rendered":"\t\t<div data-elementor-type=\"wp-page\" data-elementor-id=\"106\" class=\"elementor elementor-106\">\n\t\t\t\t<div class=\"elementor-element elementor-element-05f1e1b e-flex e-con-boxed e-con e-parent\" data-id=\"05f1e1b\" data-element_type=\"container\" data-e-type=\"container\">\n\t\t\t\t\t<div class=\"e-con-inner\">\n\t\t\t\t<div class=\"elementor-element elementor-element-dd5b2e2 elementor-widget__width-inherit elementor-widget elementor-widget-spacer\" data-id=\"dd5b2e2\" data-element_type=\"widget\" data-e-type=\"widget\" data-widget_type=\"spacer.default\">\n\t\t\t\t<div class=\"elementor-widget-container\">\n\t\t\t\t\t\t\t<div class=\"elementor-spacer\">\n\t\t\t<div class=\"elementor-spacer-inner\"><\/div>\n\t\t<\/div>\n\t\t\t\t\t\t<\/div>\n\t\t\t\t<\/div>\n\t\t\t\t\t<\/div>\n\t\t\t\t<\/div>\n\t\t<div class=\"elementor-element elementor-element-44db700 e-flex e-con-boxed e-con e-parent\" data-id=\"44db700\" data-element_type=\"container\" data-e-type=\"container\">\n\t\t\t\t\t<div class=\"e-con-inner\">\n\t\t\t\t<div class=\"elementor-element elementor-element-00a3cad elementor-widget__width-inherit elementor-widget elementor-widget-heading\" data-id=\"00a3cad\" data-element_type=\"widget\" data-e-type=\"widget\" data-widget_type=\"heading.default\">\n\t\t\t\t<div class=\"elementor-widget-container\">\n\t\t\t\t\t<h2 class=\"elementor-heading-title elementor-size-default\">L'\u00c9clat de la Nuit<\/h2>\t\t\t\t<\/div>\n\t\t\t\t<\/div>\n\t\t\t\t<div class=\"elementor-element elementor-element-37f6709 elementor-widget elementor-widget-text-editor\" data-id=\"37f6709\" data-element_type=\"widget\" data-e-type=\"widget\" data-widget_type=\"text-editor.default\">\n\t\t\t\t<div class=\"elementor-widget-container\">\n\t\t\t\t\t\t\t\t\t<h6>\u00a0<\/h6><h6>R\u00e9alis\u00e9 par Anton Belyakov<\/h6><h5>\u00a0<\/h5><h5>2021<strong> \u00b7<\/strong> 8 min <strong>\u00b7 <\/strong>ARRI Alexa Standard<strong> \u00b7<\/strong> Cooke S4 Mini<strong> \u00b7<\/strong> 1.66<\/h5><h5><em>Cadre : <\/em>Elouan Boulestreau <strong>\u00b7<\/strong> <em>Cam\u00e9ra : <\/em>Gabriel G\u00e2ches <strong>\u00b7 <\/strong><em>Light :<\/em> Max Decamps<\/h5><h6>\u00a0<\/h6><h6 class=\"p1\">Alors que la nuit tombe, la jeune Agathe pointe une immense antenne par sa fen\u00eatre sur les champs. A son ordinateur, elle enregistre les signaux en provenance du ciel nocturne. Ce ne sont pas les premiers, mais comme tous les soirs son \u00e9tat est proche de la transe. Elle en est certaine : ils approchent.<\/h6><h5 style=\"text-align: right;\"><em>Lien de visionnage sur demande.<\/em><\/h5>\t\t\t\t\t\t\t\t<\/div>\n\t\t\t\t<\/div>\n\t\t\t\t\t<\/div>\n\t\t\t\t<\/div>\n\t\t<div class=\"elementor-element elementor-element-949bb92 e-flex e-con-boxed e-con e-parent\" data-id=\"949bb92\" data-element_type=\"container\" data-e-type=\"container\">\n\t\t\t\t\t<div class=\"e-con-inner\">\n\t\t\t\t<div class=\"elementor-element elementor-element-642ae63 elementor-widget elementor-widget-spacer\" data-id=\"642ae63\" data-element_type=\"widget\" data-e-type=\"widget\" data-widget_type=\"spacer.default\">\n\t\t\t\t<div class=\"elementor-widget-container\">\n\t\t\t\t\t\t\t<div class=\"elementor-spacer\">\n\t\t\t<div class=\"elementor-spacer-inner\"><\/div>\n\t\t<\/div>\n\t\t\t\t\t\t<\/div>\n\t\t\t\t<\/div>\n\t\t\t\t<div class=\"elementor-element elementor-element-92bbdcc gallery-spacing-custom elementor-widget elementor-widget-image-gallery\" data-id=\"92bbdcc\" data-element_type=\"widget\" data-e-type=\"widget\" data-widget_type=\"image-gallery.default\">\n\t\t\t\t<div class=\"elementor-widget-container\">\n\t\t\t\t\t\t\t<div class=\"elementor-image-gallery\">\n\t\t\t<div id='gallery-1' class='gallery galleryid-106 gallery-columns-2 gallery-size-tenweb_optimizer_mobile'><figure class='gallery-item'>\n\t\t\t<div class='gallery-icon landscape'>\n\t\t\t\t<a data-elementor-open-lightbox=\"yes\" data-elementor-lightbox-slideshow=\"92bbdcc\" data-e-action-hash=\"#elementor-action%3Aaction%3Dlightbox%26settings%3DeyJpZCI6MTY3NywidXJsIjoiaHR0cHM6XC9cL2F1cmVsaWFjbGVtZW50LmNvbVwvd3AtY29udGVudFwvdXBsb2Fkc1wvMjAyNFwvMDVcL1VudGl0bGVkMDAwOTEwMjgucG5nIiwic2xpZGVzaG93IjoiOTJiYmRjYyJ9\" href='https:\/\/aureliaclement.com\/wp-content\/uploads\/2024\/05\/Untitled00091028.png'><img fetchpriority=\"high\" decoding=\"async\" width=\"600\" height=\"326\" src=\"https:\/\/aureliaclement.com\/wp-content\/uploads\/2024\/05\/Untitled00091028.png\" class=\"attachment-tenweb_optimizer_mobile size-tenweb_optimizer_mobile\" alt=\"\" srcset=\"https:\/\/aureliaclement.com\/wp-content\/uploads\/2024\/05\/Untitled00091028.png 1988w, https:\/\/aureliaclement.com\/wp-content\/uploads\/2024\/05\/Untitled00091028-300x163.png 300w, https:\/\/aureliaclement.com\/wp-content\/uploads\/2024\/05\/Untitled00091028-1024x556.png 1024w, https:\/\/aureliaclement.com\/wp-content\/uploads\/2024\/05\/Untitled00091028-768x417.png 768w, https:\/\/aureliaclement.com\/wp-content\/uploads\/2024\/05\/Untitled00091028-1536x834.png 1536w\" sizes=\"(max-width: 600px) 100vw, 600px\" \/><\/a>\n\t\t\t<\/div><\/figure><figure class='gallery-item'>\n\t\t\t<div class='gallery-icon landscape'>\n\t\t\t\t<a data-elementor-open-lightbox=\"yes\" data-elementor-lightbox-slideshow=\"92bbdcc\" data-e-action-hash=\"#elementor-action%3Aaction%3Dlightbox%26settings%3DeyJpZCI6MTY3OSwidXJsIjoiaHR0cHM6XC9cL2F1cmVsaWFjbGVtZW50LmNvbVwvd3AtY29udGVudFwvdXBsb2Fkc1wvMjAyNFwvMDVcL1VudGl0bGVkMDAwOTMwMDkucG5nIiwic2xpZGVzaG93IjoiOTJiYmRjYyJ9\" href='https:\/\/aureliaclement.com\/wp-content\/uploads\/2024\/05\/Untitled00093009.png'><img decoding=\"async\" width=\"600\" height=\"326\" src=\"https:\/\/aureliaclement.com\/wp-content\/uploads\/2024\/05\/Untitled00093009.png\" class=\"attachment-tenweb_optimizer_mobile size-tenweb_optimizer_mobile\" alt=\"\" srcset=\"https:\/\/aureliaclement.com\/wp-content\/uploads\/2024\/05\/Untitled00093009.png 1988w, https:\/\/aureliaclement.com\/wp-content\/uploads\/2024\/05\/Untitled00093009-300x163.png 300w, https:\/\/aureliaclement.com\/wp-content\/uploads\/2024\/05\/Untitled00093009-1024x556.png 1024w, https:\/\/aureliaclement.com\/wp-content\/uploads\/2024\/05\/Untitled00093009-768x417.png 768w, https:\/\/aureliaclement.com\/wp-content\/uploads\/2024\/05\/Untitled00093009-1536x834.png 1536w\" sizes=\"(max-width: 600px) 100vw, 600px\" \/><\/a>\n\t\t\t<\/div><\/figure><figure class='gallery-item'>\n\t\t\t<div class='gallery-icon landscape'>\n\t\t\t\t<a data-elementor-open-lightbox=\"yes\" data-elementor-lightbox-slideshow=\"92bbdcc\" data-e-action-hash=\"#elementor-action%3Aaction%3Dlightbox%26settings%3DeyJpZCI6MTY4MCwidXJsIjoiaHR0cHM6XC9cL2F1cmVsaWFjbGVtZW50LmNvbVwvd3AtY29udGVudFwvdXBsb2Fkc1wvMjAyNFwvMDVcL1VudGl0bGVkMDAwOTM1NjcucG5nIiwic2xpZGVzaG93IjoiOTJiYmRjYyJ9\" href='https:\/\/aureliaclement.com\/wp-content\/uploads\/2024\/05\/Untitled00093567.png'><img decoding=\"async\" width=\"600\" height=\"326\" src=\"https:\/\/aureliaclement.com\/wp-content\/uploads\/2024\/05\/Untitled00093567.png\" class=\"attachment-tenweb_optimizer_mobile size-tenweb_optimizer_mobile\" alt=\"\" srcset=\"https:\/\/aureliaclement.com\/wp-content\/uploads\/2024\/05\/Untitled00093567.png 1988w, https:\/\/aureliaclement.com\/wp-content\/uploads\/2024\/05\/Untitled00093567-300x163.png 300w, https:\/\/aureliaclement.com\/wp-content\/uploads\/2024\/05\/Untitled00093567-1024x556.png 1024w, https:\/\/aureliaclement.com\/wp-content\/uploads\/2024\/05\/Untitled00093567-768x417.png 768w, https:\/\/aureliaclement.com\/wp-content\/uploads\/2024\/05\/Untitled00093567-1536x834.png 1536w\" sizes=\"(max-width: 600px) 100vw, 600px\" \/><\/a>\n\t\t\t<\/div><\/figure><figure class='gallery-item'>\n\t\t\t<div class='gallery-icon landscape'>\n\t\t\t\t<a data-elementor-open-lightbox=\"yes\" data-elementor-lightbox-slideshow=\"92bbdcc\" data-e-action-hash=\"#elementor-action%3Aaction%3Dlightbox%26settings%3DeyJpZCI6MTY4MSwidXJsIjoiaHR0cHM6XC9cL2F1cmVsaWFjbGVtZW50LmNvbVwvd3AtY29udGVudFwvdXBsb2Fkc1wvMjAyNFwvMDVcL1VudGl0bGVkMDAwOTM4NzYucG5nIiwic2xpZGVzaG93IjoiOTJiYmRjYyJ9\" href='https:\/\/aureliaclement.com\/wp-content\/uploads\/2024\/05\/Untitled00093876.png'><img loading=\"lazy\" decoding=\"async\" width=\"600\" height=\"326\" src=\"https:\/\/aureliaclement.com\/wp-content\/uploads\/2024\/05\/Untitled00093876.png\" class=\"attachment-tenweb_optimizer_mobile size-tenweb_optimizer_mobile\" alt=\"\" srcset=\"https:\/\/aureliaclement.com\/wp-content\/uploads\/2024\/05\/Untitled00093876.png 1988w, https:\/\/aureliaclement.com\/wp-content\/uploads\/2024\/05\/Untitled00093876-300x163.png 300w, https:\/\/aureliaclement.com\/wp-content\/uploads\/2024\/05\/Untitled00093876-1024x556.png 1024w, https:\/\/aureliaclement.com\/wp-content\/uploads\/2024\/05\/Untitled00093876-768x417.png 768w, https:\/\/aureliaclement.com\/wp-content\/uploads\/2024\/05\/Untitled00093876-1536x834.png 1536w\" sizes=\"(max-width: 600px) 100vw, 600px\" \/><\/a>\n\t\t\t<\/div><\/figure><figure class='gallery-item'>\n\t\t\t<div class='gallery-icon landscape'>\n\t\t\t\t<a data-elementor-open-lightbox=\"yes\" data-elementor-lightbox-slideshow=\"92bbdcc\" data-e-action-hash=\"#elementor-action%3Aaction%3Dlightbox%26settings%3DeyJpZCI6MTY4MiwidXJsIjoiaHR0cHM6XC9cL2F1cmVsaWFjbGVtZW50LmNvbVwvd3AtY29udGVudFwvdXBsb2Fkc1wvMjAyNFwvMDVcL1VudGl0bGVkMDAwOTQwNjAucG5nIiwic2xpZGVzaG93IjoiOTJiYmRjYyJ9\" href='https:\/\/aureliaclement.com\/wp-content\/uploads\/2024\/05\/Untitled00094060.png'><img loading=\"lazy\" decoding=\"async\" width=\"600\" height=\"326\" src=\"https:\/\/aureliaclement.com\/wp-content\/uploads\/2024\/05\/Untitled00094060.png\" class=\"attachment-tenweb_optimizer_mobile size-tenweb_optimizer_mobile\" alt=\"\" srcset=\"https:\/\/aureliaclement.com\/wp-content\/uploads\/2024\/05\/Untitled00094060.png 1988w, https:\/\/aureliaclement.com\/wp-content\/uploads\/2024\/05\/Untitled00094060-300x163.png 300w, https:\/\/aureliaclement.com\/wp-content\/uploads\/2024\/05\/Untitled00094060-1024x556.png 1024w, https:\/\/aureliaclement.com\/wp-content\/uploads\/2024\/05\/Untitled00094060-768x417.png 768w, https:\/\/aureliaclement.com\/wp-content\/uploads\/2024\/05\/Untitled00094060-1536x834.png 1536w\" sizes=\"(max-width: 600px) 100vw, 600px\" \/><\/a>\n\t\t\t<\/div><\/figure><figure class='gallery-item'>\n\t\t\t<div class='gallery-icon landscape'>\n\t\t\t\t<a data-elementor-open-lightbox=\"yes\" data-elementor-lightbox-slideshow=\"92bbdcc\" data-e-action-hash=\"#elementor-action%3Aaction%3Dlightbox%26settings%3DeyJpZCI6MTY5MCwidXJsIjoiaHR0cHM6XC9cL2F1cmVsaWFjbGVtZW50LmNvbVwvd3AtY29udGVudFwvdXBsb2Fkc1wvMjAyNFwvMDVcL1VudGl0bGVkMDAxMDIyMjUucG5nIiwic2xpZGVzaG93IjoiOTJiYmRjYyJ9\" href='https:\/\/aureliaclement.com\/wp-content\/uploads\/2024\/05\/Untitled00102225.png'><img loading=\"lazy\" decoding=\"async\" width=\"600\" height=\"326\" src=\"https:\/\/aureliaclement.com\/wp-content\/uploads\/2024\/05\/Untitled00102225.png\" class=\"attachment-tenweb_optimizer_mobile size-tenweb_optimizer_mobile\" alt=\"\" srcset=\"https:\/\/aureliaclement.com\/wp-content\/uploads\/2024\/05\/Untitled00102225.png 1988w, https:\/\/aureliaclement.com\/wp-content\/uploads\/2024\/05\/Untitled00102225-300x163.png 300w, https:\/\/aureliaclement.com\/wp-content\/uploads\/2024\/05\/Untitled00102225-1024x556.png 1024w, https:\/\/aureliaclement.com\/wp-content\/uploads\/2024\/05\/Untitled00102225-768x417.png 768w, https:\/\/aureliaclement.com\/wp-content\/uploads\/2024\/05\/Untitled00102225-1536x834.png 1536w\" sizes=\"(max-width: 600px) 100vw, 600px\" \/><\/a>\n\t\t\t<\/div><\/figure>\n\t\t<\/div>\n\t\t<\/div>\n\t\t\t\t\t\t<\/div>\n\t\t\t\t<\/div>\n\t\t\t\t\t<\/div>\n\t\t\t\t<\/div>\n\t\t<div class=\"elementor-element elementor-element-4fa40c9 e-flex e-con-boxed e-con e-child\" data-id=\"4fa40c9\" data-element_type=\"container\" data-e-type=\"container\">\n\t\t\t\t\t<div class=\"e-con-inner\">\n\t\t\t\t<div class=\"elementor-element elementor-element-afbf367 elementor-widget elementor-widget-spacer\" data-id=\"afbf367\" data-element_type=\"widget\" data-e-type=\"widget\" data-widget_type=\"spacer.default\">\n\t\t\t\t<div class=\"elementor-widget-container\">\n\t\t\t\t\t\t\t<div class=\"elementor-spacer\">\n\t\t\t<div class=\"elementor-spacer-inner\"><\/div>\n\t\t<\/div>\n\t\t\t\t\t\t<\/div>\n\t\t\t\t<\/div>\n\t\t\t\t\t<\/div>\n\t\t\t\t<\/div>\n\t\t\t\t<\/div>\n\t\t","protected":false},"excerpt":{"rendered":"<p>L&rsquo;\u00c9clat de la Nuit R\u00e9alis\u00e9 par Anton Belyakov 2021 \u00b7 8 min \u00b7 ARRI Alexa Standard \u00b7 Cooke S4 Mini \u00b7 1.66 Cadre : Elouan Boulestreau \u00b7 Cam\u00e9ra : Gabriel G\u00e2ches \u00b7 Light : Max Decamps Alors que la nuit tombe, la jeune Agathe pointe une immense antenne par sa fen\u00eatre sur les champs. A&#8230;<\/p>\n","protected":false},"author":1,"featured_media":0,"parent":17,"menu_order":7,"comment_status":"closed","ping_status":"closed","template":"","meta":{"editor_plus_copied_stylings":"{}","_kad_post_transparent":"","_kad_post_title":"hide","_kad_post_layout":"fullwidth","_kad_post_sidebar_id":"","_kad_post_content_style":"unboxed","_kad_post_vertical_padding":"hide","_kad_post_feature":"hide","_kad_post_feature_position":"","_kad_post_header":false,"_kad_post_footer":false,"_kad_post_classname":"","two_page_speed":[],"footnotes":""},"class_list":["post-106","page","type-page","status-publish","hentry"],"yoast_head":"<!-- This site is optimized with the Yoast SEO plugin v27.5 - https:\/\/yoast.com\/product\/yoast-seo-wordpress\/ -->\n<title>L&#039;\u00e9clat de la nuit - Aur\u00e9lia Cl\u00e9ment<\/title>\n<meta name=\"robots\" content=\"index, follow, max-snippet:-1, max-image-preview:large, max-video-preview:-1\" \/>\n<link rel=\"canonical\" href=\"https:\/\/aureliaclement.com\/?page_id=106\" \/>\n<meta property=\"og:locale\" content=\"fr_FR\" \/>\n<meta property=\"og:type\" content=\"article\" \/>\n<meta property=\"og:title\" content=\"L&#039;\u00e9clat de la nuit - Aur\u00e9lia Cl\u00e9ment\" \/>\n<meta property=\"og:description\" content=\"L&rsquo;\u00c9clat de la Nuit R\u00e9alis\u00e9 par Anton Belyakov 2021 \u00b7 8 min \u00b7 ARRI Alexa Standard \u00b7 Cooke S4 Mini \u00b7 1.66 Cadre : Elouan Boulestreau \u00b7 Cam\u00e9ra : Gabriel G\u00e2ches \u00b7 Light : Max Decamps Alors que la nuit tombe, la jeune Agathe pointe une immense antenne par sa fen\u00eatre sur les champs. A...\" \/>\n<meta property=\"og:url\" content=\"https:\/\/aureliaclement.com\/?page_id=106\" \/>\n<meta property=\"og:site_name\" content=\"Aur\u00e9lia Cl\u00e9ment\" \/>\n<meta property=\"article:modified_time\" content=\"2026-04-14T15:32:38+00:00\" \/>\n<meta property=\"og:image\" content=\"http:\/\/aureliaclement.com\/wp-content\/uploads\/2025\/09\/LEDLN-3.jpg\" \/>\n\t<meta property=\"og:image:width\" content=\"620\" \/>\n\t<meta property=\"og:image:height\" content=\"349\" \/>\n\t<meta property=\"og:image:type\" content=\"image\/jpeg\" \/>\n<meta name=\"twitter:card\" content=\"summary_large_image\" \/>\n<meta name=\"twitter:label1\" content=\"Dur\u00e9e de lecture estim\u00e9e\" \/>\n\t<meta name=\"twitter:data1\" content=\"2 minutes\" \/>\n<script type=\"application\/ld+json\" class=\"yoast-schema-graph\">{\"@context\":\"https:\\\/\\\/schema.org\",\"@graph\":[{\"@type\":\"WebPage\",\"@id\":\"https:\\\/\\\/aureliaclement.com\\\/?page_id=106\",\"url\":\"https:\\\/\\\/aureliaclement.com\\\/?page_id=106\",\"name\":\"L'\u00e9clat de la nuit - Aur\u00e9lia Cl\u00e9ment\",\"isPartOf\":{\"@id\":\"https:\\\/\\\/aureliaclement.com\\\/#website\"},\"primaryImageOfPage\":{\"@id\":\"https:\\\/\\\/aureliaclement.com\\\/?page_id=106#primaryimage\"},\"image\":{\"@id\":\"https:\\\/\\\/aureliaclement.com\\\/?page_id=106#primaryimage\"},\"thumbnailUrl\":\"http:\\\/\\\/aureliaclement.com\\\/wp-content\\\/uploads\\\/2024\\\/05\\\/Untitled00091028.png\",\"datePublished\":\"2023-11-20T18:08:20+00:00\",\"dateModified\":\"2026-04-14T15:32:38+00:00\",\"breadcrumb\":{\"@id\":\"https:\\\/\\\/aureliaclement.com\\\/?page_id=106#breadcrumb\"},\"inLanguage\":\"fr-FR\",\"potentialAction\":[{\"@type\":\"ReadAction\",\"target\":[\"https:\\\/\\\/aureliaclement.com\\\/?page_id=106\"]}]},{\"@type\":\"ImageObject\",\"inLanguage\":\"fr-FR\",\"@id\":\"https:\\\/\\\/aureliaclement.com\\\/?page_id=106#primaryimage\",\"url\":\"http:\\\/\\\/aureliaclement.com\\\/wp-content\\\/uploads\\\/2024\\\/05\\\/Untitled00091028.png\",\"contentUrl\":\"http:\\\/\\\/aureliaclement.com\\\/wp-content\\\/uploads\\\/2024\\\/05\\\/Untitled00091028.png\"},{\"@type\":\"BreadcrumbList\",\"@id\":\"https:\\\/\\\/aureliaclement.com\\\/?page_id=106#breadcrumb\",\"itemListElement\":[{\"@type\":\"ListItem\",\"position\":1,\"name\":\"Accueil\",\"item\":\"https:\\\/\\\/aureliaclement.com\\\/\"},{\"@type\":\"ListItem\",\"position\":2,\"name\":\"Court-m\u00e9trages\",\"item\":\"https:\\\/\\\/aureliaclement.com\\\/\"},{\"@type\":\"ListItem\",\"position\":3,\"name\":\"L&rsquo;\u00e9clat de la nuit\"}]},{\"@type\":\"WebSite\",\"@id\":\"https:\\\/\\\/aureliaclement.com\\\/#website\",\"url\":\"https:\\\/\\\/aureliaclement.com\\\/\",\"name\":\"Aur\u00e9lia Cl\u00e9ment\",\"description\":\"Cheffe op\u00e9ratrice\",\"potentialAction\":[{\"@type\":\"SearchAction\",\"target\":{\"@type\":\"EntryPoint\",\"urlTemplate\":\"https:\\\/\\\/aureliaclement.com\\\/?s={search_term_string}\"},\"query-input\":{\"@type\":\"PropertyValueSpecification\",\"valueRequired\":true,\"valueName\":\"search_term_string\"}}],\"inLanguage\":\"fr-FR\"}]}<\/script>\n<!-- \/ Yoast SEO plugin. -->","yoast_head_json":{"title":"L'\u00e9clat de la nuit - Aur\u00e9lia Cl\u00e9ment","robots":{"index":"index","follow":"follow","max-snippet":"max-snippet:-1","max-image-preview":"max-image-preview:large","max-video-preview":"max-video-preview:-1"},"canonical":"https:\/\/aureliaclement.com\/?page_id=106","og_locale":"fr_FR","og_type":"article","og_title":"L'\u00e9clat de la nuit - Aur\u00e9lia Cl\u00e9ment","og_description":"L&rsquo;\u00c9clat de la Nuit R\u00e9alis\u00e9 par Anton Belyakov 2021 \u00b7 8 min \u00b7 ARRI Alexa Standard \u00b7 Cooke S4 Mini \u00b7 1.66 Cadre : Elouan Boulestreau \u00b7 Cam\u00e9ra : Gabriel G\u00e2ches \u00b7 Light : Max Decamps Alors que la nuit tombe, la jeune Agathe pointe une immense antenne par sa fen\u00eatre sur les champs. A...","og_url":"https:\/\/aureliaclement.com\/?page_id=106","og_site_name":"Aur\u00e9lia Cl\u00e9ment","article_modified_time":"2026-04-14T15:32:38+00:00","og_image":[{"width":620,"height":349,"url":"http:\/\/aureliaclement.com\/wp-content\/uploads\/2025\/09\/LEDLN-3.jpg","type":"image\/jpeg"}],"twitter_card":"summary_large_image","twitter_misc":{"Dur\u00e9e de lecture estim\u00e9e":"2 minutes"},"schema":{"@context":"https:\/\/schema.org","@graph":[{"@type":"WebPage","@id":"https:\/\/aureliaclement.com\/?page_id=106","url":"https:\/\/aureliaclement.com\/?page_id=106","name":"L'\u00e9clat de la nuit - Aur\u00e9lia Cl\u00e9ment","isPartOf":{"@id":"https:\/\/aureliaclement.com\/#website"},"primaryImageOfPage":{"@id":"https:\/\/aureliaclement.com\/?page_id=106#primaryimage"},"image":{"@id":"https:\/\/aureliaclement.com\/?page_id=106#primaryimage"},"thumbnailUrl":"http:\/\/aureliaclement.com\/wp-content\/uploads\/2024\/05\/Untitled00091028.png","datePublished":"2023-11-20T18:08:20+00:00","dateModified":"2026-04-14T15:32:38+00:00","breadcrumb":{"@id":"https:\/\/aureliaclement.com\/?page_id=106#breadcrumb"},"inLanguage":"fr-FR","potentialAction":[{"@type":"ReadAction","target":["https:\/\/aureliaclement.com\/?page_id=106"]}]},{"@type":"ImageObject","inLanguage":"fr-FR","@id":"https:\/\/aureliaclement.com\/?page_id=106#primaryimage","url":"http:\/\/aureliaclement.com\/wp-content\/uploads\/2024\/05\/Untitled00091028.png","contentUrl":"http:\/\/aureliaclement.com\/wp-content\/uploads\/2024\/05\/Untitled00091028.png"},{"@type":"BreadcrumbList","@id":"https:\/\/aureliaclement.com\/?page_id=106#breadcrumb","itemListElement":[{"@type":"ListItem","position":1,"name":"Accueil","item":"https:\/\/aureliaclement.com\/"},{"@type":"ListItem","position":2,"name":"Court-m\u00e9trages","item":"https:\/\/aureliaclement.com\/"},{"@type":"ListItem","position":3,"name":"L&rsquo;\u00e9clat de la nuit"}]},{"@type":"WebSite","@id":"https:\/\/aureliaclement.com\/#website","url":"https:\/\/aureliaclement.com\/","name":"Aur\u00e9lia Cl\u00e9ment","description":"Cheffe op\u00e9ratrice","potentialAction":[{"@type":"SearchAction","target":{"@type":"EntryPoint","urlTemplate":"https:\/\/aureliaclement.com\/?s={search_term_string}"},"query-input":{"@type":"PropertyValueSpecification","valueRequired":true,"valueName":"search_term_string"}}],"inLanguage":"fr-FR"}]}},"_links":{"self":[{"href":"https:\/\/aureliaclement.com\/index.php?rest_route=\/wp\/v2\/pages\/106","targetHints":{"allow":["GET"]}}],"collection":[{"href":"https:\/\/aureliaclement.com\/index.php?rest_route=\/wp\/v2\/pages"}],"about":[{"href":"https:\/\/aureliaclement.com\/index.php?rest_route=\/wp\/v2\/types\/page"}],"author":[{"embeddable":true,"href":"https:\/\/aureliaclement.com\/index.php?rest_route=\/wp\/v2\/users\/1"}],"replies":[{"embeddable":true,"href":"https:\/\/aureliaclement.com\/index.php?rest_route=%2Fwp%2Fv2%2Fcomments&post=106"}],"version-history":[{"count":143,"href":"https:\/\/aureliaclement.com\/index.php?rest_route=\/wp\/v2\/pages\/106\/revisions"}],"predecessor-version":[{"id":5070,"href":"https:\/\/aureliaclement.com\/index.php?rest_route=\/wp\/v2\/pages\/106\/revisions\/5070"}],"up":[{"embeddable":true,"href":"https:\/\/aureliaclement.com\/index.php?rest_route=\/wp\/v2\/pages\/17"}],"wp:attachment":[{"href":"https:\/\/aureliaclement.com\/index.php?rest_route=%2Fwp%2Fv2%2Fmedia&parent=106"}],"curies":[{"name":"wp","href":"https:\/\/api.w.org\/{rel}","templated":true}]}}