{"id":1110,"date":"2024-03-29T20:13:25","date_gmt":"2024-03-29T19:13:25","guid":{"rendered":"https:\/\/aureliaclement.com\/?page_id=1110"},"modified":"2024-10-14T15:53:31","modified_gmt":"2024-10-14T13:53:31","slug":"nature","status":"publish","type":"page","link":"https:\/\/aureliaclement.com\/?page_id=1110","title":{"rendered":"Nature"},"content":{"rendered":"\t\t<div data-elementor-type=\"wp-page\" data-elementor-id=\"1110\" class=\"elementor elementor-1110\">\n\t\t\t\t<div class=\"elementor-element elementor-element-b235ab9 e-flex e-con-boxed e-con e-parent\" data-id=\"b235ab9\" data-element_type=\"container\" data-e-type=\"container\">\n\t\t\t\t\t<div class=\"e-con-inner\">\n\t\t\t\t<div class=\"elementor-element elementor-element-dc8f5ab elementor-widget__width-inherit elementor-widget elementor-widget-spacer\" data-id=\"dc8f5ab\" data-element_type=\"widget\" data-e-type=\"widget\" data-widget_type=\"spacer.default\">\n\t\t\t\t<div class=\"elementor-widget-container\">\n\t\t\t\t\t\t\t<div class=\"elementor-spacer\">\n\t\t\t<div class=\"elementor-spacer-inner\"><\/div>\n\t\t<\/div>\n\t\t\t\t\t\t<\/div>\n\t\t\t\t<\/div>\n\t\t\t\t\t<\/div>\n\t\t\t\t<\/div>\n\t\t<div class=\"elementor-element elementor-element-2d61ad9 e-flex e-con-boxed e-con e-parent\" data-id=\"2d61ad9\" data-element_type=\"container\" data-e-type=\"container\">\n\t\t\t\t\t<div class=\"e-con-inner\">\n\t\t\t\t<div class=\"elementor-element elementor-element-dde4d7b elementor-widget__width-auto elementor-widget elementor-widget-heading\" data-id=\"dde4d7b\" data-element_type=\"widget\" data-e-type=\"widget\" data-widget_type=\"heading.default\">\n\t\t\t\t<div class=\"elementor-widget-container\">\n\t\t\t\t\t<h2 class=\"elementor-heading-title elementor-size-default\">Nature vivante<\/h2>\t\t\t\t<\/div>\n\t\t\t\t<\/div>\n\t\t\t\t<div class=\"elementor-element elementor-element-1914d36 elementor-widget elementor-widget-text-editor\" data-id=\"1914d36\" data-element_type=\"widget\" data-e-type=\"widget\" data-widget_type=\"text-editor.default\">\n\t\t\t\t<div class=\"elementor-widget-container\">\n\t\t\t\t\t\t\t\t\t<h4>Printemps 2021 <span style=\"font-family: 'Abril Fatface', cursive; text-align: var(--text-align); background-color: transparent;\">\u00b7 Kodak Gold 200<\/span><\/h4>\t\t\t\t\t\t\t\t<\/div>\n\t\t\t\t<\/div>\n\t\t\t\t\t<\/div>\n\t\t\t\t<\/div>\n\t\t<div class=\"elementor-element elementor-element-77f0330 e-con-full e-flex e-con e-parent\" data-id=\"77f0330\" data-element_type=\"container\" data-e-type=\"container\">\n\t\t\t\t<div class=\"elementor-element elementor-element-ef29829 elementor-widget__width-inherit elementor-widget elementor-widget-image-gallery\" data-id=\"ef29829\" data-element_type=\"widget\" data-e-type=\"widget\" data-widget_type=\"image-gallery.default\">\n\t\t\t\t<div class=\"elementor-widget-container\">\n\t\t\t\t\t\t\t<div class=\"elementor-image-gallery\">\n\t\t\t<div id='gallery-1' class='gallery galleryid-1110 gallery-columns-3 gallery-size-full'><figure class='gallery-item'>\n\t\t\t<div class='gallery-icon landscape'>\n\t\t\t\t<a data-elementor-open-lightbox=\"yes\" data-elementor-lightbox-slideshow=\"ef29829\" data-e-action-hash=\"#elementor-action%3Aaction%3Dlightbox%26settings%3DeyJpZCI6MTA5NSwidXJsIjoiaHR0cHM6XC9cL2F1cmVsaWFjbGVtZW50LmNvbVwvd3AtY29udGVudFwvdXBsb2Fkc1wvMjAyNFwvMDNcL1IxLTA3MTg0LTAwMTQucG5nIiwic2xpZGVzaG93IjoiZWYyOTgyOSJ9\" href='https:\/\/aureliaclement.com\/wp-content\/uploads\/2024\/03\/R1-07184-0014.png'><img fetchpriority=\"high\" decoding=\"async\" width=\"1818\" height=\"1228\" src=\"https:\/\/aureliaclement.com\/wp-content\/uploads\/2024\/03\/R1-07184-0014.png\" class=\"attachment-full size-full\" alt=\"\" srcset=\"https:\/\/aureliaclement.com\/wp-content\/uploads\/2024\/03\/R1-07184-0014.png 1818w, https:\/\/aureliaclement.com\/wp-content\/uploads\/2024\/03\/R1-07184-0014-300x203.png 300w, https:\/\/aureliaclement.com\/wp-content\/uploads\/2024\/03\/R1-07184-0014-1024x692.png 1024w, https:\/\/aureliaclement.com\/wp-content\/uploads\/2024\/03\/R1-07184-0014-768x519.png 768w, https:\/\/aureliaclement.com\/wp-content\/uploads\/2024\/03\/R1-07184-0014-1536x1038.png 1536w\" sizes=\"(max-width: 1818px) 100vw, 1818px\" \/><\/a>\n\t\t\t<\/div><\/figure><figure class='gallery-item'>\n\t\t\t<div class='gallery-icon landscape'>\n\t\t\t\t<a data-elementor-open-lightbox=\"yes\" data-elementor-lightbox-slideshow=\"ef29829\" data-e-action-hash=\"#elementor-action%3Aaction%3Dlightbox%26settings%3DeyJpZCI6MTExMiwidXJsIjoiaHR0cHM6XC9cL2F1cmVsaWFjbGVtZW50LmNvbVwvd3AtY29udGVudFwvdXBsb2Fkc1wvMjAyNFwvMDNcL1IxLTA3MTg0LTAwMDcucG5nIiwic2xpZGVzaG93IjoiZWYyOTgyOSJ9\" href='https:\/\/aureliaclement.com\/wp-content\/uploads\/2024\/03\/R1-07184-0007.png'><img decoding=\"async\" width=\"1818\" height=\"1228\" src=\"https:\/\/aureliaclement.com\/wp-content\/uploads\/2024\/03\/R1-07184-0007.png\" class=\"attachment-full size-full\" alt=\"\" srcset=\"https:\/\/aureliaclement.com\/wp-content\/uploads\/2024\/03\/R1-07184-0007.png 1818w, https:\/\/aureliaclement.com\/wp-content\/uploads\/2024\/03\/R1-07184-0007-300x203.png 300w, https:\/\/aureliaclement.com\/wp-content\/uploads\/2024\/03\/R1-07184-0007-1024x692.png 1024w, https:\/\/aureliaclement.com\/wp-content\/uploads\/2024\/03\/R1-07184-0007-768x519.png 768w, https:\/\/aureliaclement.com\/wp-content\/uploads\/2024\/03\/R1-07184-0007-1536x1038.png 1536w\" sizes=\"(max-width: 1818px) 100vw, 1818px\" \/><\/a>\n\t\t\t<\/div><\/figure><figure class='gallery-item'>\n\t\t\t<div class='gallery-icon landscape'>\n\t\t\t\t<a data-elementor-open-lightbox=\"yes\" data-elementor-lightbox-slideshow=\"ef29829\" data-e-action-hash=\"#elementor-action%3Aaction%3Dlightbox%26settings%3DeyJpZCI6MTExMywidXJsIjoiaHR0cHM6XC9cL2F1cmVsaWFjbGVtZW50LmNvbVwvd3AtY29udGVudFwvdXBsb2Fkc1wvMjAyNFwvMDNcL1IxLTA3MTg0LTAwMDgucG5nIiwic2xpZGVzaG93IjoiZWYyOTgyOSJ9\" href='https:\/\/aureliaclement.com\/wp-content\/uploads\/2024\/03\/R1-07184-0008.png'><img decoding=\"async\" width=\"1818\" height=\"1228\" src=\"https:\/\/aureliaclement.com\/wp-content\/uploads\/2024\/03\/R1-07184-0008.png\" class=\"attachment-full size-full\" alt=\"\" srcset=\"https:\/\/aureliaclement.com\/wp-content\/uploads\/2024\/03\/R1-07184-0008.png 1818w, https:\/\/aureliaclement.com\/wp-content\/uploads\/2024\/03\/R1-07184-0008-300x203.png 300w, https:\/\/aureliaclement.com\/wp-content\/uploads\/2024\/03\/R1-07184-0008-1024x692.png 1024w, https:\/\/aureliaclement.com\/wp-content\/uploads\/2024\/03\/R1-07184-0008-768x519.png 768w, https:\/\/aureliaclement.com\/wp-content\/uploads\/2024\/03\/R1-07184-0008-1536x1038.png 1536w\" sizes=\"(max-width: 1818px) 100vw, 1818px\" \/><\/a>\n\t\t\t<\/div><\/figure><figure class='gallery-item'>\n\t\t\t<div class='gallery-icon landscape'>\n\t\t\t\t<a data-elementor-open-lightbox=\"yes\" data-elementor-lightbox-slideshow=\"ef29829\" data-e-action-hash=\"#elementor-action%3Aaction%3Dlightbox%26settings%3DeyJpZCI6MTA5OCwidXJsIjoiaHR0cHM6XC9cL2F1cmVsaWFjbGVtZW50LmNvbVwvd3AtY29udGVudFwvdXBsb2Fkc1wvMjAyNFwvMDNcL1IxLTA3MTg0LTAwMTcucG5nIiwic2xpZGVzaG93IjoiZWYyOTgyOSJ9\" href='https:\/\/aureliaclement.com\/wp-content\/uploads\/2024\/03\/R1-07184-0017.png'><img loading=\"lazy\" decoding=\"async\" width=\"1818\" height=\"1228\" src=\"https:\/\/aureliaclement.com\/wp-content\/uploads\/2024\/03\/R1-07184-0017.png\" class=\"attachment-full size-full\" alt=\"\" srcset=\"https:\/\/aureliaclement.com\/wp-content\/uploads\/2024\/03\/R1-07184-0017.png 1818w, https:\/\/aureliaclement.com\/wp-content\/uploads\/2024\/03\/R1-07184-0017-300x203.png 300w, https:\/\/aureliaclement.com\/wp-content\/uploads\/2024\/03\/R1-07184-0017-1024x692.png 1024w, https:\/\/aureliaclement.com\/wp-content\/uploads\/2024\/03\/R1-07184-0017-768x519.png 768w, https:\/\/aureliaclement.com\/wp-content\/uploads\/2024\/03\/R1-07184-0017-1536x1038.png 1536w\" sizes=\"(max-width: 1818px) 100vw, 1818px\" \/><\/a>\n\t\t\t<\/div><\/figure><figure class='gallery-item'>\n\t\t\t<div class='gallery-icon landscape'>\n\t\t\t\t<a data-elementor-open-lightbox=\"yes\" data-elementor-lightbox-slideshow=\"ef29829\" data-e-action-hash=\"#elementor-action%3Aaction%3Dlightbox%26settings%3DeyJpZCI6MTA5NCwidXJsIjoiaHR0cHM6XC9cL2F1cmVsaWFjbGVtZW50LmNvbVwvd3AtY29udGVudFwvdXBsb2Fkc1wvMjAyNFwvMDNcL1IxLTA3MTg0LTAwMTAucG5nIiwic2xpZGVzaG93IjoiZWYyOTgyOSJ9\" href='https:\/\/aureliaclement.com\/wp-content\/uploads\/2024\/03\/R1-07184-0010.png'><img loading=\"lazy\" decoding=\"async\" width=\"1818\" height=\"1228\" src=\"https:\/\/aureliaclement.com\/wp-content\/uploads\/2024\/03\/R1-07184-0010.png\" class=\"attachment-full size-full\" alt=\"\" srcset=\"https:\/\/aureliaclement.com\/wp-content\/uploads\/2024\/03\/R1-07184-0010.png 1818w, https:\/\/aureliaclement.com\/wp-content\/uploads\/2024\/03\/R1-07184-0010-300x203.png 300w, https:\/\/aureliaclement.com\/wp-content\/uploads\/2024\/03\/R1-07184-0010-1024x692.png 1024w, https:\/\/aureliaclement.com\/wp-content\/uploads\/2024\/03\/R1-07184-0010-768x519.png 768w, https:\/\/aureliaclement.com\/wp-content\/uploads\/2024\/03\/R1-07184-0010-1536x1038.png 1536w\" sizes=\"(max-width: 1818px) 100vw, 1818px\" \/><\/a>\n\t\t\t<\/div><\/figure><figure class='gallery-item'>\n\t\t\t<div class='gallery-icon landscape'>\n\t\t\t\t<a data-elementor-open-lightbox=\"yes\" data-elementor-lightbox-slideshow=\"ef29829\" data-e-action-hash=\"#elementor-action%3Aaction%3Dlightbox%26settings%3DeyJpZCI6MTEwMCwidXJsIjoiaHR0cHM6XC9cL2F1cmVsaWFjbGVtZW50LmNvbVwvd3AtY29udGVudFwvdXBsb2Fkc1wvMjAyNFwvMDNcL1IxLTA3MTg0LTAwMjEucG5nIiwic2xpZGVzaG93IjoiZWYyOTgyOSJ9\" href='https:\/\/aureliaclement.com\/wp-content\/uploads\/2024\/03\/R1-07184-0021.png'><img loading=\"lazy\" decoding=\"async\" width=\"1818\" height=\"1228\" src=\"https:\/\/aureliaclement.com\/wp-content\/uploads\/2024\/03\/R1-07184-0021.png\" class=\"attachment-full size-full\" alt=\"\" srcset=\"https:\/\/aureliaclement.com\/wp-content\/uploads\/2024\/03\/R1-07184-0021.png 1818w, https:\/\/aureliaclement.com\/wp-content\/uploads\/2024\/03\/R1-07184-0021-300x203.png 300w, https:\/\/aureliaclement.com\/wp-content\/uploads\/2024\/03\/R1-07184-0021-1024x692.png 1024w, https:\/\/aureliaclement.com\/wp-content\/uploads\/2024\/03\/R1-07184-0021-768x519.png 768w, https:\/\/aureliaclement.com\/wp-content\/uploads\/2024\/03\/R1-07184-0021-1536x1038.png 1536w\" sizes=\"(max-width: 1818px) 100vw, 1818px\" \/><\/a>\n\t\t\t<\/div><\/figure><figure class='gallery-item'>\n\t\t\t<div class='gallery-icon landscape'>\n\t\t\t\t<a data-elementor-open-lightbox=\"yes\" data-elementor-lightbox-slideshow=\"ef29829\" data-e-action-hash=\"#elementor-action%3Aaction%3Dlightbox%26settings%3DeyJpZCI6MTA5OSwidXJsIjoiaHR0cHM6XC9cL2F1cmVsaWFjbGVtZW50LmNvbVwvd3AtY29udGVudFwvdXBsb2Fkc1wvMjAyNFwvMDNcL1IxLTA3MTg0LTAwMTkucG5nIiwic2xpZGVzaG93IjoiZWYyOTgyOSJ9\" href='https:\/\/aureliaclement.com\/wp-content\/uploads\/2024\/03\/R1-07184-0019.png'><img loading=\"lazy\" decoding=\"async\" width=\"1818\" height=\"1228\" src=\"https:\/\/aureliaclement.com\/wp-content\/uploads\/2024\/03\/R1-07184-0019.png\" class=\"attachment-full size-full\" alt=\"\" srcset=\"https:\/\/aureliaclement.com\/wp-content\/uploads\/2024\/03\/R1-07184-0019.png 1818w, https:\/\/aureliaclement.com\/wp-content\/uploads\/2024\/03\/R1-07184-0019-300x203.png 300w, https:\/\/aureliaclement.com\/wp-content\/uploads\/2024\/03\/R1-07184-0019-1024x692.png 1024w, https:\/\/aureliaclement.com\/wp-content\/uploads\/2024\/03\/R1-07184-0019-768x519.png 768w, https:\/\/aureliaclement.com\/wp-content\/uploads\/2024\/03\/R1-07184-0019-1536x1038.png 1536w\" sizes=\"(max-width: 1818px) 100vw, 1818px\" \/><\/a>\n\t\t\t<\/div><\/figure><figure class='gallery-item'>\n\t\t\t<div class='gallery-icon landscape'>\n\t\t\t\t<a data-elementor-open-lightbox=\"yes\" data-elementor-lightbox-slideshow=\"ef29829\" data-e-action-hash=\"#elementor-action%3Aaction%3Dlightbox%26settings%3DeyJpZCI6MTA5NywidXJsIjoiaHR0cHM6XC9cL2F1cmVsaWFjbGVtZW50LmNvbVwvd3AtY29udGVudFwvdXBsb2Fkc1wvMjAyNFwvMDNcL1IxLTA3MTg0LTAwMTYucG5nIiwic2xpZGVzaG93IjoiZWYyOTgyOSJ9\" href='https:\/\/aureliaclement.com\/wp-content\/uploads\/2024\/03\/R1-07184-0016.png'><img loading=\"lazy\" decoding=\"async\" width=\"1818\" height=\"1228\" src=\"https:\/\/aureliaclement.com\/wp-content\/uploads\/2024\/03\/R1-07184-0016.png\" class=\"attachment-full size-full\" alt=\"\" srcset=\"https:\/\/aureliaclement.com\/wp-content\/uploads\/2024\/03\/R1-07184-0016.png 1818w, https:\/\/aureliaclement.com\/wp-content\/uploads\/2024\/03\/R1-07184-0016-300x203.png 300w, https:\/\/aureliaclement.com\/wp-content\/uploads\/2024\/03\/R1-07184-0016-1024x692.png 1024w, https:\/\/aureliaclement.com\/wp-content\/uploads\/2024\/03\/R1-07184-0016-768x519.png 768w, https:\/\/aureliaclement.com\/wp-content\/uploads\/2024\/03\/R1-07184-0016-1536x1038.png 1536w\" sizes=\"(max-width: 1818px) 100vw, 1818px\" \/><\/a>\n\t\t\t<\/div><\/figure><figure class='gallery-item'>\n\t\t\t<div class='gallery-icon landscape'>\n\t\t\t\t<a data-elementor-open-lightbox=\"yes\" data-elementor-lightbox-slideshow=\"ef29829\" data-e-action-hash=\"#elementor-action%3Aaction%3Dlightbox%26settings%3DeyJpZCI6MTA5NiwidXJsIjoiaHR0cHM6XC9cL2F1cmVsaWFjbGVtZW50LmNvbVwvd3AtY29udGVudFwvdXBsb2Fkc1wvMjAyNFwvMDNcL1IxLTA3MTg0LTAwMTUucG5nIiwic2xpZGVzaG93IjoiZWYyOTgyOSJ9\" href='https:\/\/aureliaclement.com\/wp-content\/uploads\/2024\/03\/R1-07184-0015.png'><img loading=\"lazy\" decoding=\"async\" width=\"1818\" height=\"1228\" src=\"https:\/\/aureliaclement.com\/wp-content\/uploads\/2024\/03\/R1-07184-0015.png\" class=\"attachment-full size-full\" alt=\"\" srcset=\"https:\/\/aureliaclement.com\/wp-content\/uploads\/2024\/03\/R1-07184-0015.png 1818w, https:\/\/aureliaclement.com\/wp-content\/uploads\/2024\/03\/R1-07184-0015-300x203.png 300w, https:\/\/aureliaclement.com\/wp-content\/uploads\/2024\/03\/R1-07184-0015-1024x692.png 1024w, https:\/\/aureliaclement.com\/wp-content\/uploads\/2024\/03\/R1-07184-0015-768x519.png 768w, https:\/\/aureliaclement.com\/wp-content\/uploads\/2024\/03\/R1-07184-0015-1536x1038.png 1536w\" sizes=\"(max-width: 1818px) 100vw, 1818px\" \/><\/a>\n\t\t\t<\/div><\/figure>\n\t\t<\/div>\n\t\t<\/div>\n\t\t\t\t\t\t<\/div>\n\t\t\t\t<\/div>\n\t\t\t\t<\/div>\n\t\t<div class=\"elementor-element elementor-element-525a733 e-flex e-con-boxed e-con e-parent\" data-id=\"525a733\" data-element_type=\"container\" data-e-type=\"container\">\n\t\t\t\t\t<div class=\"e-con-inner\">\n\t\t\t\t<div class=\"elementor-element elementor-element-9b8097d elementor-widget elementor-widget-spacer\" data-id=\"9b8097d\" data-element_type=\"widget\" data-e-type=\"widget\" data-widget_type=\"spacer.default\">\n\t\t\t\t<div class=\"elementor-widget-container\">\n\t\t\t\t\t\t\t<div class=\"elementor-spacer\">\n\t\t\t<div class=\"elementor-spacer-inner\"><\/div>\n\t\t<\/div>\n\t\t\t\t\t\t<\/div>\n\t\t\t\t<\/div>\n\t\t\t\t\t<\/div>\n\t\t\t\t<\/div>\n\t\t\t\t<\/div>\n\t\t","protected":false},"excerpt":{"rendered":"<p>Nature vivante Printemps 2021 \u00b7 Kodak Gold 200<\/p>\n","protected":false},"author":1,"featured_media":0,"parent":20,"menu_order":8,"comment_status":"closed","ping_status":"closed","template":"","meta":{"editor_plus_copied_stylings":"{}","_kad_post_transparent":"","_kad_post_title":"hide","_kad_post_layout":"fullwidth","_kad_post_sidebar_id":"","_kad_post_content_style":"unboxed","_kad_post_vertical_padding":"hide","_kad_post_feature":"hide","_kad_post_feature_position":"","_kad_post_header":false,"_kad_post_footer":false,"_kad_post_classname":"","two_page_speed":[],"footnotes":""},"class_list":["post-1110","page","type-page","status-publish","hentry"],"yoast_head":"<!-- This site is optimized with the Yoast SEO plugin v27.4 - https:\/\/yoast.com\/product\/yoast-seo-wordpress\/ -->\n<title>Nature - Aur\u00e9lia Cl\u00e9ment<\/title>\n<meta name=\"robots\" content=\"index, follow, max-snippet:-1, max-image-preview:large, max-video-preview:-1\" \/>\n<link rel=\"canonical\" href=\"https:\/\/aureliaclement.com\/?page_id=1110\" \/>\n<meta property=\"og:locale\" content=\"fr_FR\" \/>\n<meta property=\"og:type\" content=\"article\" \/>\n<meta property=\"og:title\" content=\"Nature - Aur\u00e9lia Cl\u00e9ment\" \/>\n<meta property=\"og:description\" content=\"Nature vivante Printemps 2021 \u00b7 Kodak Gold 200\" \/>\n<meta property=\"og:url\" content=\"https:\/\/aureliaclement.com\/?page_id=1110\" \/>\n<meta property=\"og:site_name\" content=\"Aur\u00e9lia Cl\u00e9ment\" \/>\n<meta property=\"article:modified_time\" content=\"2024-10-14T13:53:31+00:00\" \/>\n<meta property=\"og:image\" content=\"http:\/\/aureliaclement.com\/wp-content\/uploads\/2024\/03\/R1-07184-0014.png\" \/>\n<meta name=\"twitter:card\" content=\"summary_large_image\" \/>\n<meta name=\"twitter:label1\" content=\"Dur\u00e9e de lecture estim\u00e9e\" \/>\n\t<meta name=\"twitter:data1\" content=\"2 minutes\" \/>\n<script type=\"application\/ld+json\" class=\"yoast-schema-graph\">{\"@context\":\"https:\\\/\\\/schema.org\",\"@graph\":[{\"@type\":\"WebPage\",\"@id\":\"https:\\\/\\\/aureliaclement.com\\\/?page_id=1110\",\"url\":\"https:\\\/\\\/aureliaclement.com\\\/?page_id=1110\",\"name\":\"Nature - Aur\u00e9lia Cl\u00e9ment\",\"isPartOf\":{\"@id\":\"https:\\\/\\\/aureliaclement.com\\\/#website\"},\"primaryImageOfPage\":{\"@id\":\"https:\\\/\\\/aureliaclement.com\\\/?page_id=1110#primaryimage\"},\"image\":{\"@id\":\"https:\\\/\\\/aureliaclement.com\\\/?page_id=1110#primaryimage\"},\"thumbnailUrl\":\"http:\\\/\\\/aureliaclement.com\\\/wp-content\\\/uploads\\\/2024\\\/03\\\/R1-07184-0014.png\",\"datePublished\":\"2024-03-29T19:13:25+00:00\",\"dateModified\":\"2024-10-14T13:53:31+00:00\",\"breadcrumb\":{\"@id\":\"https:\\\/\\\/aureliaclement.com\\\/?page_id=1110#breadcrumb\"},\"inLanguage\":\"fr-FR\",\"potentialAction\":[{\"@type\":\"ReadAction\",\"target\":[\"https:\\\/\\\/aureliaclement.com\\\/?page_id=1110\"]}]},{\"@type\":\"ImageObject\",\"inLanguage\":\"fr-FR\",\"@id\":\"https:\\\/\\\/aureliaclement.com\\\/?page_id=1110#primaryimage\",\"url\":\"http:\\\/\\\/aureliaclement.com\\\/wp-content\\\/uploads\\\/2024\\\/03\\\/R1-07184-0014.png\",\"contentUrl\":\"http:\\\/\\\/aureliaclement.com\\\/wp-content\\\/uploads\\\/2024\\\/03\\\/R1-07184-0014.png\"},{\"@type\":\"BreadcrumbList\",\"@id\":\"https:\\\/\\\/aureliaclement.com\\\/?page_id=1110#breadcrumb\",\"itemListElement\":[{\"@type\":\"ListItem\",\"position\":1,\"name\":\"Accueil\",\"item\":\"https:\\\/\\\/aureliaclement.com\\\/\"},{\"@type\":\"ListItem\",\"position\":2,\"name\":\"Photographies\",\"item\":\"https:\\\/\\\/aureliaclement.com\\\/?page_id=20\"},{\"@type\":\"ListItem\",\"position\":3,\"name\":\"Nature\"}]},{\"@type\":\"WebSite\",\"@id\":\"https:\\\/\\\/aureliaclement.com\\\/#website\",\"url\":\"https:\\\/\\\/aureliaclement.com\\\/\",\"name\":\"Aur\u00e9lia Cl\u00e9ment\",\"description\":\"Cheffe op\u00e9ratrice\",\"potentialAction\":[{\"@type\":\"SearchAction\",\"target\":{\"@type\":\"EntryPoint\",\"urlTemplate\":\"https:\\\/\\\/aureliaclement.com\\\/?s={search_term_string}\"},\"query-input\":{\"@type\":\"PropertyValueSpecification\",\"valueRequired\":true,\"valueName\":\"search_term_string\"}}],\"inLanguage\":\"fr-FR\"}]}<\/script>\n<!-- \/ Yoast SEO plugin. -->","yoast_head_json":{"title":"Nature - Aur\u00e9lia Cl\u00e9ment","robots":{"index":"index","follow":"follow","max-snippet":"max-snippet:-1","max-image-preview":"max-image-preview:large","max-video-preview":"max-video-preview:-1"},"canonical":"https:\/\/aureliaclement.com\/?page_id=1110","og_locale":"fr_FR","og_type":"article","og_title":"Nature - Aur\u00e9lia Cl\u00e9ment","og_description":"Nature vivante Printemps 2021 \u00b7 Kodak Gold 200","og_url":"https:\/\/aureliaclement.com\/?page_id=1110","og_site_name":"Aur\u00e9lia Cl\u00e9ment","article_modified_time":"2024-10-14T13:53:31+00:00","og_image":[{"url":"http:\/\/aureliaclement.com\/wp-content\/uploads\/2024\/03\/R1-07184-0014.png","type":"","width":"","height":""}],"twitter_card":"summary_large_image","twitter_misc":{"Dur\u00e9e de lecture estim\u00e9e":"2 minutes"},"schema":{"@context":"https:\/\/schema.org","@graph":[{"@type":"WebPage","@id":"https:\/\/aureliaclement.com\/?page_id=1110","url":"https:\/\/aureliaclement.com\/?page_id=1110","name":"Nature - Aur\u00e9lia Cl\u00e9ment","isPartOf":{"@id":"https:\/\/aureliaclement.com\/#website"},"primaryImageOfPage":{"@id":"https:\/\/aureliaclement.com\/?page_id=1110#primaryimage"},"image":{"@id":"https:\/\/aureliaclement.com\/?page_id=1110#primaryimage"},"thumbnailUrl":"http:\/\/aureliaclement.com\/wp-content\/uploads\/2024\/03\/R1-07184-0014.png","datePublished":"2024-03-29T19:13:25+00:00","dateModified":"2024-10-14T13:53:31+00:00","breadcrumb":{"@id":"https:\/\/aureliaclement.com\/?page_id=1110#breadcrumb"},"inLanguage":"fr-FR","potentialAction":[{"@type":"ReadAction","target":["https:\/\/aureliaclement.com\/?page_id=1110"]}]},{"@type":"ImageObject","inLanguage":"fr-FR","@id":"https:\/\/aureliaclement.com\/?page_id=1110#primaryimage","url":"http:\/\/aureliaclement.com\/wp-content\/uploads\/2024\/03\/R1-07184-0014.png","contentUrl":"http:\/\/aureliaclement.com\/wp-content\/uploads\/2024\/03\/R1-07184-0014.png"},{"@type":"BreadcrumbList","@id":"https:\/\/aureliaclement.com\/?page_id=1110#breadcrumb","itemListElement":[{"@type":"ListItem","position":1,"name":"Accueil","item":"https:\/\/aureliaclement.com\/"},{"@type":"ListItem","position":2,"name":"Photographies","item":"https:\/\/aureliaclement.com\/?page_id=20"},{"@type":"ListItem","position":3,"name":"Nature"}]},{"@type":"WebSite","@id":"https:\/\/aureliaclement.com\/#website","url":"https:\/\/aureliaclement.com\/","name":"Aur\u00e9lia Cl\u00e9ment","description":"Cheffe op\u00e9ratrice","potentialAction":[{"@type":"SearchAction","target":{"@type":"EntryPoint","urlTemplate":"https:\/\/aureliaclement.com\/?s={search_term_string}"},"query-input":{"@type":"PropertyValueSpecification","valueRequired":true,"valueName":"search_term_string"}}],"inLanguage":"fr-FR"}]}},"_links":{"self":[{"href":"https:\/\/aureliaclement.com\/index.php?rest_route=\/wp\/v2\/pages\/1110","targetHints":{"allow":["GET"]}}],"collection":[{"href":"https:\/\/aureliaclement.com\/index.php?rest_route=\/wp\/v2\/pages"}],"about":[{"href":"https:\/\/aureliaclement.com\/index.php?rest_route=\/wp\/v2\/types\/page"}],"author":[{"embeddable":true,"href":"https:\/\/aureliaclement.com\/index.php?rest_route=\/wp\/v2\/users\/1"}],"replies":[{"embeddable":true,"href":"https:\/\/aureliaclement.com\/index.php?rest_route=%2Fwp%2Fv2%2Fcomments&post=1110"}],"version-history":[{"count":28,"href":"https:\/\/aureliaclement.com\/index.php?rest_route=\/wp\/v2\/pages\/1110\/revisions"}],"predecessor-version":[{"id":2672,"href":"https:\/\/aureliaclement.com\/index.php?rest_route=\/wp\/v2\/pages\/1110\/revisions\/2672"}],"up":[{"embeddable":true,"href":"https:\/\/aureliaclement.com\/index.php?rest_route=\/wp\/v2\/pages\/20"}],"wp:attachment":[{"href":"https:\/\/aureliaclement.com\/index.php?rest_route=%2Fwp%2Fv2%2Fmedia&parent=1110"}],"curies":[{"name":"wp","href":"https:\/\/api.w.org\/{rel}","templated":true}]}}