{"id":1191,"date":"2024-04-18T15:43:01","date_gmt":"2024-04-18T13:43:01","guid":{"rendered":"https:\/\/aureliaclement.com\/?page_id=1191"},"modified":"2026-04-14T17:34:53","modified_gmt":"2026-04-14T15:34:53","slug":"noyee-dans-la-cafe","status":"publish","type":"page","link":"https:\/\/aureliaclement.com\/?page_id=1191","title":{"rendered":"Noy\u00e9e dans le caf\u00e9"},"content":{"rendered":"\t\t<div data-elementor-type=\"wp-page\" data-elementor-id=\"1191\" class=\"elementor elementor-1191\">\n\t\t\t\t<div class=\"elementor-element elementor-element-0a3c446 e-flex e-con-boxed e-con e-parent\" data-id=\"0a3c446\" data-element_type=\"container\" data-e-type=\"container\">\n\t\t\t\t\t<div class=\"e-con-inner\">\n\t\t\t\t<div class=\"elementor-element elementor-element-3642818 elementor-widget__width-inherit elementor-widget elementor-widget-spacer\" data-id=\"3642818\" data-element_type=\"widget\" data-e-type=\"widget\" data-widget_type=\"spacer.default\">\n\t\t\t\t<div class=\"elementor-widget-container\">\n\t\t\t\t\t\t\t<div class=\"elementor-spacer\">\n\t\t\t<div class=\"elementor-spacer-inner\"><\/div>\n\t\t<\/div>\n\t\t\t\t\t\t<\/div>\n\t\t\t\t<\/div>\n\t\t<div class=\"elementor-element elementor-element-f5d39ec e-flex e-con-boxed e-con e-child\" data-id=\"f5d39ec\" data-element_type=\"container\" data-e-type=\"container\">\n\t\t\t\t\t<div class=\"e-con-inner\">\n\t\t\t\t<div class=\"elementor-element elementor-element-85ba6da elementor-widget__width-inherit elementor-widget elementor-widget-heading\" data-id=\"85ba6da\" data-element_type=\"widget\" data-e-type=\"widget\" data-widget_type=\"heading.default\">\n\t\t\t\t<div class=\"elementor-widget-container\">\n\t\t\t\t\t<h2 class=\"elementor-heading-title elementor-size-default\">Noy\u00e9e dans le caf\u00e9<\/h2>\t\t\t\t<\/div>\n\t\t\t\t<\/div>\n\t\t\t\t<div class=\"elementor-element elementor-element-81e6050 elementor-widget elementor-widget-text-editor\" data-id=\"81e6050\" data-element_type=\"widget\" data-e-type=\"widget\" data-widget_type=\"text-editor.default\">\n\t\t\t\t<div class=\"elementor-widget-container\">\n\t\t\t\t\t\t\t\t\t<h6>\u00a0<\/h6><h6>R\u00e9alis\u00e9 par Aur\u00e9lia Cl\u00e9ment<\/h6><h6>\u00a0<\/h6><h5>2021<strong> \u00b7<\/strong> 5 min <strong>\u00b7 <\/strong>ARRI Alexa Standard <strong>\u00b7<\/strong> Cooke S4 Mini <strong>\u00b7<\/strong> 1.85<\/h5><h5><em>Assistant.e r\u00e9alisatrice :<\/em> Anton Belyakov <strong>\u00b7<\/strong> <em>Cheffe op\u00e9ratrice :<\/em> Max Decamps <strong>\u00b7<\/strong> <em>Cadre :\u00a0 <\/em>Hadrien Faur\u00e9 <strong>\u00b7<\/strong><em> Cam\u00e9ra :<\/em> Gabriel Gaches <strong>\u00b7<\/strong> <em>Light :<\/em> Elouan Boulestreau <strong>\u00b7<\/strong> <em>Grip :<\/em> Louis Sorin<strong> \u00b7<\/strong> <em>Renforts :<\/em> Hector Cabel, Jason Boussioux\u00a0<\/h5>\t\t\t\t\t\t\t\t<\/div>\n\t\t\t\t<\/div>\n\t\t\t\t\t<\/div>\n\t\t\t\t<\/div>\n\t\t\t\t\t<\/div>\n\t\t\t\t<\/div>\n\t\t<div class=\"elementor-element elementor-element-1d412c4 e-flex e-con-boxed e-con e-parent\" data-id=\"1d412c4\" data-element_type=\"container\" data-e-type=\"container\">\n\t\t\t\t\t<div class=\"e-con-inner\">\n\t\t\t\t<div class=\"elementor-element elementor-element-5ee7c68 gallery-spacing-custom elementor-widget elementor-widget-image-gallery\" data-id=\"5ee7c68\" data-element_type=\"widget\" data-e-type=\"widget\" data-widget_type=\"image-gallery.default\">\n\t\t\t\t<div class=\"elementor-widget-container\">\n\t\t\t\t\t\t\t<div class=\"elementor-image-gallery\">\n\t\t\t<div id='gallery-1' class='gallery galleryid-1191 gallery-columns-2 gallery-size-tenweb_optimizer_mobile'><figure class='gallery-item'>\n\t\t\t<div class='gallery-icon landscape'>\n\t\t\t\t<a data-elementor-open-lightbox=\"yes\" data-elementor-lightbox-slideshow=\"5ee7c68\" data-e-action-hash=\"#elementor-action%3Aaction%3Dlightbox%26settings%3DeyJpZCI6MTY1MiwidXJsIjoiaHR0cHM6XC9cL2F1cmVsaWFjbGVtZW50LmNvbVwvd3AtY29udGVudFwvdXBsb2Fkc1wvMjAyNFwvMDVcL05ETEMtc3RpbGxzMDAwOTUzNTMucG5nIiwic2xpZGVzaG93IjoiNWVlN2M2OCJ9\" href='https:\/\/aureliaclement.com\/wp-content\/uploads\/2024\/05\/NDLC-stills00095353.png'><img fetchpriority=\"high\" decoding=\"async\" width=\"600\" height=\"324\" src=\"https:\/\/aureliaclement.com\/wp-content\/uploads\/2024\/05\/NDLC-stills00095353.png\" class=\"attachment-tenweb_optimizer_mobile size-tenweb_optimizer_mobile\" alt=\"\" srcset=\"https:\/\/aureliaclement.com\/wp-content\/uploads\/2024\/05\/NDLC-stills00095353.png 1998w, https:\/\/aureliaclement.com\/wp-content\/uploads\/2024\/05\/NDLC-stills00095353-300x162.png 300w, https:\/\/aureliaclement.com\/wp-content\/uploads\/2024\/05\/NDLC-stills00095353-1024x554.png 1024w, https:\/\/aureliaclement.com\/wp-content\/uploads\/2024\/05\/NDLC-stills00095353-768x415.png 768w, https:\/\/aureliaclement.com\/wp-content\/uploads\/2024\/05\/NDLC-stills00095353-1536x830.png 1536w\" sizes=\"(max-width: 600px) 100vw, 600px\" \/><\/a>\n\t\t\t<\/div><\/figure><figure class='gallery-item'>\n\t\t\t<div class='gallery-icon landscape'>\n\t\t\t\t<a data-elementor-open-lightbox=\"yes\" data-elementor-lightbox-slideshow=\"5ee7c68\" data-e-action-hash=\"#elementor-action%3Aaction%3Dlightbox%26settings%3DeyJpZCI6MTY0OCwidXJsIjoiaHR0cHM6XC9cL2F1cmVsaWFjbGVtZW50LmNvbVwvd3AtY29udGVudFwvdXBsb2Fkc1wvMjAyNFwvMDVcL05ETEMtc3RpbGxzMDAwOTM1NzIucG5nIiwic2xpZGVzaG93IjoiNWVlN2M2OCJ9\" href='https:\/\/aureliaclement.com\/wp-content\/uploads\/2024\/05\/NDLC-stills00093572.png'><img decoding=\"async\" width=\"600\" height=\"324\" src=\"https:\/\/aureliaclement.com\/wp-content\/uploads\/2024\/05\/NDLC-stills00093572.png\" class=\"attachment-tenweb_optimizer_mobile size-tenweb_optimizer_mobile\" alt=\"\" srcset=\"https:\/\/aureliaclement.com\/wp-content\/uploads\/2024\/05\/NDLC-stills00093572.png 1998w, https:\/\/aureliaclement.com\/wp-content\/uploads\/2024\/05\/NDLC-stills00093572-300x162.png 300w, https:\/\/aureliaclement.com\/wp-content\/uploads\/2024\/05\/NDLC-stills00093572-1024x554.png 1024w, https:\/\/aureliaclement.com\/wp-content\/uploads\/2024\/05\/NDLC-stills00093572-768x415.png 768w, https:\/\/aureliaclement.com\/wp-content\/uploads\/2024\/05\/NDLC-stills00093572-1536x830.png 1536w\" sizes=\"(max-width: 600px) 100vw, 600px\" \/><\/a>\n\t\t\t<\/div><\/figure><figure class='gallery-item'>\n\t\t\t<div class='gallery-icon landscape'>\n\t\t\t\t<a data-elementor-open-lightbox=\"yes\" data-elementor-lightbox-slideshow=\"5ee7c68\" data-e-action-hash=\"#elementor-action%3Aaction%3Dlightbox%26settings%3DeyJpZCI6MTY1MCwidXJsIjoiaHR0cHM6XC9cL2F1cmVsaWFjbGVtZW50LmNvbVwvd3AtY29udGVudFwvdXBsb2Fkc1wvMjAyNFwvMDVcL05ETEMtc3RpbGxzMDAwOTQ0NzgucG5nIiwic2xpZGVzaG93IjoiNWVlN2M2OCJ9\" href='https:\/\/aureliaclement.com\/wp-content\/uploads\/2024\/05\/NDLC-stills00094478.png'><img decoding=\"async\" width=\"600\" height=\"324\" src=\"https:\/\/aureliaclement.com\/wp-content\/uploads\/2024\/05\/NDLC-stills00094478.png\" class=\"attachment-tenweb_optimizer_mobile size-tenweb_optimizer_mobile\" alt=\"\" srcset=\"https:\/\/aureliaclement.com\/wp-content\/uploads\/2024\/05\/NDLC-stills00094478.png 1998w, https:\/\/aureliaclement.com\/wp-content\/uploads\/2024\/05\/NDLC-stills00094478-300x162.png 300w, https:\/\/aureliaclement.com\/wp-content\/uploads\/2024\/05\/NDLC-stills00094478-1024x554.png 1024w, https:\/\/aureliaclement.com\/wp-content\/uploads\/2024\/05\/NDLC-stills00094478-768x415.png 768w, https:\/\/aureliaclement.com\/wp-content\/uploads\/2024\/05\/NDLC-stills00094478-1536x830.png 1536w\" sizes=\"(max-width: 600px) 100vw, 600px\" \/><\/a>\n\t\t\t<\/div><\/figure><figure class='gallery-item'>\n\t\t\t<div class='gallery-icon landscape'>\n\t\t\t\t<a data-elementor-open-lightbox=\"yes\" data-elementor-lightbox-slideshow=\"5ee7c68\" data-e-action-hash=\"#elementor-action%3Aaction%3Dlightbox%26settings%3DeyJpZCI6MTY0OSwidXJsIjoiaHR0cHM6XC9cL2F1cmVsaWFjbGVtZW50LmNvbVwvd3AtY29udGVudFwvdXBsb2Fkc1wvMjAyNFwvMDVcL05ETEMtc3RpbGxzMDAwOTQwMjIucG5nIiwic2xpZGVzaG93IjoiNWVlN2M2OCJ9\" href='https:\/\/aureliaclement.com\/wp-content\/uploads\/2024\/05\/NDLC-stills00094022.png'><img loading=\"lazy\" decoding=\"async\" width=\"600\" height=\"324\" src=\"https:\/\/aureliaclement.com\/wp-content\/uploads\/2024\/05\/NDLC-stills00094022.png\" class=\"attachment-tenweb_optimizer_mobile size-tenweb_optimizer_mobile\" alt=\"\" srcset=\"https:\/\/aureliaclement.com\/wp-content\/uploads\/2024\/05\/NDLC-stills00094022.png 1998w, https:\/\/aureliaclement.com\/wp-content\/uploads\/2024\/05\/NDLC-stills00094022-300x162.png 300w, https:\/\/aureliaclement.com\/wp-content\/uploads\/2024\/05\/NDLC-stills00094022-1024x554.png 1024w, https:\/\/aureliaclement.com\/wp-content\/uploads\/2024\/05\/NDLC-stills00094022-768x415.png 768w, https:\/\/aureliaclement.com\/wp-content\/uploads\/2024\/05\/NDLC-stills00094022-1536x830.png 1536w\" sizes=\"(max-width: 600px) 100vw, 600px\" \/><\/a>\n\t\t\t<\/div><\/figure><figure class='gallery-item'>\n\t\t\t<div class='gallery-icon landscape'>\n\t\t\t\t<a data-elementor-open-lightbox=\"yes\" data-elementor-lightbox-slideshow=\"5ee7c68\" data-e-action-hash=\"#elementor-action%3Aaction%3Dlightbox%26settings%3DeyJpZCI6MTY0NiwidXJsIjoiaHR0cHM6XC9cL2F1cmVsaWFjbGVtZW50LmNvbVwvd3AtY29udGVudFwvdXBsb2Fkc1wvMjAyNFwvMDVcL05ETEMtc3RpbGxzMDAwOTE1MTEucG5nIiwic2xpZGVzaG93IjoiNWVlN2M2OCJ9\" href='https:\/\/aureliaclement.com\/wp-content\/uploads\/2024\/05\/NDLC-stills00091511.png'><img loading=\"lazy\" decoding=\"async\" width=\"600\" height=\"324\" src=\"https:\/\/aureliaclement.com\/wp-content\/uploads\/2024\/05\/NDLC-stills00091511.png\" class=\"attachment-tenweb_optimizer_mobile size-tenweb_optimizer_mobile\" alt=\"\" srcset=\"https:\/\/aureliaclement.com\/wp-content\/uploads\/2024\/05\/NDLC-stills00091511.png 1998w, https:\/\/aureliaclement.com\/wp-content\/uploads\/2024\/05\/NDLC-stills00091511-300x162.png 300w, https:\/\/aureliaclement.com\/wp-content\/uploads\/2024\/05\/NDLC-stills00091511-1024x554.png 1024w, https:\/\/aureliaclement.com\/wp-content\/uploads\/2024\/05\/NDLC-stills00091511-768x415.png 768w, https:\/\/aureliaclement.com\/wp-content\/uploads\/2024\/05\/NDLC-stills00091511-1536x830.png 1536w\" sizes=\"(max-width: 600px) 100vw, 600px\" \/><\/a>\n\t\t\t<\/div><\/figure><figure class='gallery-item'>\n\t\t\t<div class='gallery-icon landscape'>\n\t\t\t\t<a data-elementor-open-lightbox=\"yes\" data-elementor-lightbox-slideshow=\"5ee7c68\" data-e-action-hash=\"#elementor-action%3Aaction%3Dlightbox%26settings%3DeyJpZCI6MTY1NSwidXJsIjoiaHR0cHM6XC9cL2F1cmVsaWFjbGVtZW50LmNvbVwvd3AtY29udGVudFwvdXBsb2Fkc1wvMjAyNFwvMDVcL05ETEMtc3RpbGxzMDAwOTY5OTkucG5nIiwic2xpZGVzaG93IjoiNWVlN2M2OCJ9\" href='https:\/\/aureliaclement.com\/wp-content\/uploads\/2024\/05\/NDLC-stills00096999.png'><img loading=\"lazy\" decoding=\"async\" width=\"600\" height=\"324\" src=\"https:\/\/aureliaclement.com\/wp-content\/uploads\/2024\/05\/NDLC-stills00096999.png\" class=\"attachment-tenweb_optimizer_mobile size-tenweb_optimizer_mobile\" alt=\"\" srcset=\"https:\/\/aureliaclement.com\/wp-content\/uploads\/2024\/05\/NDLC-stills00096999.png 1998w, https:\/\/aureliaclement.com\/wp-content\/uploads\/2024\/05\/NDLC-stills00096999-300x162.png 300w, https:\/\/aureliaclement.com\/wp-content\/uploads\/2024\/05\/NDLC-stills00096999-1024x554.png 1024w, https:\/\/aureliaclement.com\/wp-content\/uploads\/2024\/05\/NDLC-stills00096999-768x415.png 768w, https:\/\/aureliaclement.com\/wp-content\/uploads\/2024\/05\/NDLC-stills00096999-1536x830.png 1536w\" sizes=\"(max-width: 600px) 100vw, 600px\" \/><\/a>\n\t\t\t<\/div><\/figure><figure class='gallery-item'>\n\t\t\t<div class='gallery-icon landscape'>\n\t\t\t\t<a data-elementor-open-lightbox=\"yes\" data-elementor-lightbox-slideshow=\"5ee7c68\" data-e-action-hash=\"#elementor-action%3Aaction%3Dlightbox%26settings%3DeyJpZCI6MTY1MywidXJsIjoiaHR0cHM6XC9cL2F1cmVsaWFjbGVtZW50LmNvbVwvd3AtY29udGVudFwvdXBsb2Fkc1wvMjAyNFwvMDVcL05ETEMtc3RpbGxzMDAwOTYzNTEucG5nIiwic2xpZGVzaG93IjoiNWVlN2M2OCJ9\" href='https:\/\/aureliaclement.com\/wp-content\/uploads\/2024\/05\/NDLC-stills00096351.png'><img loading=\"lazy\" decoding=\"async\" width=\"600\" height=\"324\" src=\"https:\/\/aureliaclement.com\/wp-content\/uploads\/2024\/05\/NDLC-stills00096351.png\" class=\"attachment-tenweb_optimizer_mobile size-tenweb_optimizer_mobile\" alt=\"\" srcset=\"https:\/\/aureliaclement.com\/wp-content\/uploads\/2024\/05\/NDLC-stills00096351.png 1998w, https:\/\/aureliaclement.com\/wp-content\/uploads\/2024\/05\/NDLC-stills00096351-300x162.png 300w, https:\/\/aureliaclement.com\/wp-content\/uploads\/2024\/05\/NDLC-stills00096351-1024x554.png 1024w, https:\/\/aureliaclement.com\/wp-content\/uploads\/2024\/05\/NDLC-stills00096351-768x415.png 768w, https:\/\/aureliaclement.com\/wp-content\/uploads\/2024\/05\/NDLC-stills00096351-1536x830.png 1536w\" sizes=\"(max-width: 600px) 100vw, 600px\" \/><\/a>\n\t\t\t<\/div><\/figure><figure class='gallery-item'>\n\t\t\t<div class='gallery-icon landscape'>\n\t\t\t\t<a data-elementor-open-lightbox=\"yes\" data-elementor-lightbox-slideshow=\"5ee7c68\" data-e-action-hash=\"#elementor-action%3Aaction%3Dlightbox%26settings%3DeyJpZCI6MTY1NCwidXJsIjoiaHR0cHM6XC9cL2F1cmVsaWFjbGVtZW50LmNvbVwvd3AtY29udGVudFwvdXBsb2Fkc1wvMjAyNFwvMDVcL05ETEMtc3RpbGxzMDAwOTY4MjkucG5nIiwic2xpZGVzaG93IjoiNWVlN2M2OCJ9\" href='https:\/\/aureliaclement.com\/wp-content\/uploads\/2024\/05\/NDLC-stills00096829.png'><img loading=\"lazy\" decoding=\"async\" width=\"600\" height=\"324\" src=\"https:\/\/aureliaclement.com\/wp-content\/uploads\/2024\/05\/NDLC-stills00096829.png\" class=\"attachment-tenweb_optimizer_mobile size-tenweb_optimizer_mobile\" alt=\"\" srcset=\"https:\/\/aureliaclement.com\/wp-content\/uploads\/2024\/05\/NDLC-stills00096829.png 1998w, https:\/\/aureliaclement.com\/wp-content\/uploads\/2024\/05\/NDLC-stills00096829-300x162.png 300w, https:\/\/aureliaclement.com\/wp-content\/uploads\/2024\/05\/NDLC-stills00096829-1024x554.png 1024w, https:\/\/aureliaclement.com\/wp-content\/uploads\/2024\/05\/NDLC-stills00096829-768x415.png 768w, https:\/\/aureliaclement.com\/wp-content\/uploads\/2024\/05\/NDLC-stills00096829-1536x830.png 1536w\" sizes=\"(max-width: 600px) 100vw, 600px\" \/><\/a>\n\t\t\t<\/div><\/figure><figure class='gallery-item'>\n\t\t\t<div class='gallery-icon landscape'>\n\t\t\t\t<a data-elementor-open-lightbox=\"yes\" data-elementor-lightbox-slideshow=\"5ee7c68\" data-e-action-hash=\"#elementor-action%3Aaction%3Dlightbox%26settings%3DeyJpZCI6MTY1NiwidXJsIjoiaHR0cHM6XC9cL2F1cmVsaWFjbGVtZW50LmNvbVwvd3AtY29udGVudFwvdXBsb2Fkc1wvMjAyNFwvMDVcL05ETEMtc3RpbGxzMDAwOTcwMTIucG5nIiwic2xpZGVzaG93IjoiNWVlN2M2OCJ9\" href='https:\/\/aureliaclement.com\/wp-content\/uploads\/2024\/05\/NDLC-stills00097012.png'><img loading=\"lazy\" decoding=\"async\" width=\"600\" height=\"324\" src=\"https:\/\/aureliaclement.com\/wp-content\/uploads\/2024\/05\/NDLC-stills00097012.png\" class=\"attachment-tenweb_optimizer_mobile size-tenweb_optimizer_mobile\" alt=\"\" srcset=\"https:\/\/aureliaclement.com\/wp-content\/uploads\/2024\/05\/NDLC-stills00097012.png 1998w, https:\/\/aureliaclement.com\/wp-content\/uploads\/2024\/05\/NDLC-stills00097012-300x162.png 300w, https:\/\/aureliaclement.com\/wp-content\/uploads\/2024\/05\/NDLC-stills00097012-1024x554.png 1024w, https:\/\/aureliaclement.com\/wp-content\/uploads\/2024\/05\/NDLC-stills00097012-768x415.png 768w, https:\/\/aureliaclement.com\/wp-content\/uploads\/2024\/05\/NDLC-stills00097012-1536x830.png 1536w\" sizes=\"(max-width: 600px) 100vw, 600px\" \/><\/a>\n\t\t\t<\/div><\/figure><figure class='gallery-item'>\n\t\t\t<div class='gallery-icon landscape'>\n\t\t\t\t<a data-elementor-open-lightbox=\"yes\" data-elementor-lightbox-slideshow=\"5ee7c68\" data-e-action-hash=\"#elementor-action%3Aaction%3Dlightbox%26settings%3DeyJpZCI6MTY1NywidXJsIjoiaHR0cHM6XC9cL2F1cmVsaWFjbGVtZW50LmNvbVwvd3AtY29udGVudFwvdXBsb2Fkc1wvMjAyNFwvMDVcL05ETEMtc3RpbGxzMDAwOTcwNjUucG5nIiwic2xpZGVzaG93IjoiNWVlN2M2OCJ9\" href='https:\/\/aureliaclement.com\/wp-content\/uploads\/2024\/05\/NDLC-stills00097065.png'><img loading=\"lazy\" decoding=\"async\" width=\"600\" height=\"324\" src=\"https:\/\/aureliaclement.com\/wp-content\/uploads\/2024\/05\/NDLC-stills00097065.png\" class=\"attachment-tenweb_optimizer_mobile size-tenweb_optimizer_mobile\" alt=\"\" srcset=\"https:\/\/aureliaclement.com\/wp-content\/uploads\/2024\/05\/NDLC-stills00097065.png 1998w, https:\/\/aureliaclement.com\/wp-content\/uploads\/2024\/05\/NDLC-stills00097065-300x162.png 300w, https:\/\/aureliaclement.com\/wp-content\/uploads\/2024\/05\/NDLC-stills00097065-1024x554.png 1024w, https:\/\/aureliaclement.com\/wp-content\/uploads\/2024\/05\/NDLC-stills00097065-768x415.png 768w, https:\/\/aureliaclement.com\/wp-content\/uploads\/2024\/05\/NDLC-stills00097065-1536x830.png 1536w\" sizes=\"(max-width: 600px) 100vw, 600px\" \/><\/a>\n\t\t\t<\/div><\/figure>\n\t\t<\/div>\n\t\t<\/div>\n\t\t\t\t\t\t<\/div>\n\t\t\t\t<\/div>\n\t\t\t\t\t<\/div>\n\t\t\t\t<\/div>\n\t\t<div class=\"elementor-element elementor-element-23682e9 e-flex e-con-boxed e-con e-child\" data-id=\"23682e9\" data-element_type=\"container\" data-e-type=\"container\">\n\t\t\t\t\t<div class=\"e-con-inner\">\n\t\t\t\t<div class=\"elementor-element elementor-element-58e3cf1 elementor-widget elementor-widget-spacer\" data-id=\"58e3cf1\" data-element_type=\"widget\" data-e-type=\"widget\" data-widget_type=\"spacer.default\">\n\t\t\t\t<div class=\"elementor-widget-container\">\n\t\t\t\t\t\t\t<div class=\"elementor-spacer\">\n\t\t\t<div class=\"elementor-spacer-inner\"><\/div>\n\t\t<\/div>\n\t\t\t\t\t\t<\/div>\n\t\t\t\t<\/div>\n\t\t\t\t\t<\/div>\n\t\t\t\t<\/div>\n\t\t\t\t<\/div>\n\t\t","protected":false},"excerpt":{"rendered":"<p>Noy\u00e9e dans le caf\u00e9 R\u00e9alis\u00e9 par Aur\u00e9lia Cl\u00e9ment 2021 \u00b7 5 min \u00b7 ARRI Alexa Standard \u00b7 Cooke S4 Mini \u00b7 1.85 Assistant.e r\u00e9alisatrice : Anton Belyakov \u00b7 Cheffe op\u00e9ratrice : Max Decamps \u00b7 Cadre :\u00a0 Hadrien Faur\u00e9 \u00b7 Cam\u00e9ra : Gabriel Gaches \u00b7 Light : Elouan Boulestreau \u00b7 Grip : Louis Sorin \u00b7 Renforts&#8230;<\/p>\n","protected":false},"author":1,"featured_media":0,"parent":17,"menu_order":10,"comment_status":"closed","ping_status":"closed","template":"","meta":{"editor_plus_copied_stylings":"{}","_kad_post_transparent":"","_kad_post_title":"hide","_kad_post_layout":"fullwidth","_kad_post_sidebar_id":"","_kad_post_content_style":"unboxed","_kad_post_vertical_padding":"hide","_kad_post_feature":"hide","_kad_post_feature_position":"","_kad_post_header":false,"_kad_post_footer":false,"_kad_post_classname":"","two_page_speed":[],"footnotes":""},"class_list":["post-1191","page","type-page","status-publish","hentry"],"yoast_head":"<!-- This site is optimized with the Yoast SEO plugin v27.5 - https:\/\/yoast.com\/product\/yoast-seo-wordpress\/ -->\n<title>Noy\u00e9e dans le caf\u00e9 - Aur\u00e9lia Cl\u00e9ment<\/title>\n<meta name=\"robots\" content=\"index, follow, max-snippet:-1, max-image-preview:large, max-video-preview:-1\" \/>\n<link rel=\"canonical\" href=\"https:\/\/aureliaclement.com\/?page_id=1191\" \/>\n<meta property=\"og:locale\" content=\"fr_FR\" \/>\n<meta property=\"og:type\" content=\"article\" \/>\n<meta property=\"og:title\" content=\"Noy\u00e9e dans le caf\u00e9 - Aur\u00e9lia Cl\u00e9ment\" \/>\n<meta property=\"og:description\" content=\"Noy\u00e9e dans le caf\u00e9 R\u00e9alis\u00e9 par Aur\u00e9lia Cl\u00e9ment 2021 \u00b7 5 min \u00b7 ARRI Alexa Standard \u00b7 Cooke S4 Mini \u00b7 1.85 Assistant.e r\u00e9alisatrice : Anton Belyakov \u00b7 Cheffe op\u00e9ratrice : Max Decamps \u00b7 Cadre :\u00a0 Hadrien Faur\u00e9 \u00b7 Cam\u00e9ra : Gabriel Gaches \u00b7 Light : Elouan Boulestreau \u00b7 Grip : Louis Sorin \u00b7 Renforts...\" \/>\n<meta property=\"og:url\" content=\"https:\/\/aureliaclement.com\/?page_id=1191\" \/>\n<meta property=\"og:site_name\" content=\"Aur\u00e9lia Cl\u00e9ment\" \/>\n<meta property=\"article:modified_time\" content=\"2026-04-14T15:34:53+00:00\" \/>\n<meta property=\"og:image\" content=\"http:\/\/aureliaclement.com\/wp-content\/uploads\/2025\/09\/Untitled00093580.png\" \/>\n\t<meta property=\"og:image:width\" content=\"620\" \/>\n\t<meta property=\"og:image:height\" content=\"349\" \/>\n\t<meta property=\"og:image:type\" content=\"image\/png\" \/>\n<meta name=\"twitter:card\" content=\"summary_large_image\" \/>\n<meta name=\"twitter:label1\" content=\"Dur\u00e9e de lecture estim\u00e9e\" \/>\n\t<meta name=\"twitter:data1\" content=\"3 minutes\" \/>\n<script type=\"application\/ld+json\" class=\"yoast-schema-graph\">{\"@context\":\"https:\\\/\\\/schema.org\",\"@graph\":[{\"@type\":\"WebPage\",\"@id\":\"https:\\\/\\\/aureliaclement.com\\\/?page_id=1191\",\"url\":\"https:\\\/\\\/aureliaclement.com\\\/?page_id=1191\",\"name\":\"Noy\u00e9e dans le caf\u00e9 - Aur\u00e9lia Cl\u00e9ment\",\"isPartOf\":{\"@id\":\"https:\\\/\\\/aureliaclement.com\\\/#website\"},\"primaryImageOfPage\":{\"@id\":\"https:\\\/\\\/aureliaclement.com\\\/?page_id=1191#primaryimage\"},\"image\":{\"@id\":\"https:\\\/\\\/aureliaclement.com\\\/?page_id=1191#primaryimage\"},\"thumbnailUrl\":\"http:\\\/\\\/aureliaclement.com\\\/wp-content\\\/uploads\\\/2024\\\/05\\\/NDLC-stills00095353.png\",\"datePublished\":\"2024-04-18T13:43:01+00:00\",\"dateModified\":\"2026-04-14T15:34:53+00:00\",\"breadcrumb\":{\"@id\":\"https:\\\/\\\/aureliaclement.com\\\/?page_id=1191#breadcrumb\"},\"inLanguage\":\"fr-FR\",\"potentialAction\":[{\"@type\":\"ReadAction\",\"target\":[\"https:\\\/\\\/aureliaclement.com\\\/?page_id=1191\"]}]},{\"@type\":\"ImageObject\",\"inLanguage\":\"fr-FR\",\"@id\":\"https:\\\/\\\/aureliaclement.com\\\/?page_id=1191#primaryimage\",\"url\":\"http:\\\/\\\/aureliaclement.com\\\/wp-content\\\/uploads\\\/2024\\\/05\\\/NDLC-stills00095353.png\",\"contentUrl\":\"http:\\\/\\\/aureliaclement.com\\\/wp-content\\\/uploads\\\/2024\\\/05\\\/NDLC-stills00095353.png\"},{\"@type\":\"BreadcrumbList\",\"@id\":\"https:\\\/\\\/aureliaclement.com\\\/?page_id=1191#breadcrumb\",\"itemListElement\":[{\"@type\":\"ListItem\",\"position\":1,\"name\":\"Accueil\",\"item\":\"https:\\\/\\\/aureliaclement.com\\\/\"},{\"@type\":\"ListItem\",\"position\":2,\"name\":\"Court-m\u00e9trages\",\"item\":\"https:\\\/\\\/aureliaclement.com\\\/\"},{\"@type\":\"ListItem\",\"position\":3,\"name\":\"Noy\u00e9e dans le caf\u00e9\"}]},{\"@type\":\"WebSite\",\"@id\":\"https:\\\/\\\/aureliaclement.com\\\/#website\",\"url\":\"https:\\\/\\\/aureliaclement.com\\\/\",\"name\":\"Aur\u00e9lia Cl\u00e9ment\",\"description\":\"Cheffe op\u00e9ratrice\",\"potentialAction\":[{\"@type\":\"SearchAction\",\"target\":{\"@type\":\"EntryPoint\",\"urlTemplate\":\"https:\\\/\\\/aureliaclement.com\\\/?s={search_term_string}\"},\"query-input\":{\"@type\":\"PropertyValueSpecification\",\"valueRequired\":true,\"valueName\":\"search_term_string\"}}],\"inLanguage\":\"fr-FR\"}]}<\/script>\n<!-- \/ Yoast SEO plugin. -->","yoast_head_json":{"title":"Noy\u00e9e dans le caf\u00e9 - Aur\u00e9lia Cl\u00e9ment","robots":{"index":"index","follow":"follow","max-snippet":"max-snippet:-1","max-image-preview":"max-image-preview:large","max-video-preview":"max-video-preview:-1"},"canonical":"https:\/\/aureliaclement.com\/?page_id=1191","og_locale":"fr_FR","og_type":"article","og_title":"Noy\u00e9e dans le caf\u00e9 - Aur\u00e9lia Cl\u00e9ment","og_description":"Noy\u00e9e dans le caf\u00e9 R\u00e9alis\u00e9 par Aur\u00e9lia Cl\u00e9ment 2021 \u00b7 5 min \u00b7 ARRI Alexa Standard \u00b7 Cooke S4 Mini \u00b7 1.85 Assistant.e r\u00e9alisatrice : Anton Belyakov \u00b7 Cheffe op\u00e9ratrice : Max Decamps \u00b7 Cadre :\u00a0 Hadrien Faur\u00e9 \u00b7 Cam\u00e9ra : Gabriel Gaches \u00b7 Light : Elouan Boulestreau \u00b7 Grip : Louis Sorin \u00b7 Renforts...","og_url":"https:\/\/aureliaclement.com\/?page_id=1191","og_site_name":"Aur\u00e9lia Cl\u00e9ment","article_modified_time":"2026-04-14T15:34:53+00:00","og_image":[{"width":620,"height":349,"url":"http:\/\/aureliaclement.com\/wp-content\/uploads\/2025\/09\/Untitled00093580.png","type":"image\/png"}],"twitter_card":"summary_large_image","twitter_misc":{"Dur\u00e9e de lecture estim\u00e9e":"3 minutes"},"schema":{"@context":"https:\/\/schema.org","@graph":[{"@type":"WebPage","@id":"https:\/\/aureliaclement.com\/?page_id=1191","url":"https:\/\/aureliaclement.com\/?page_id=1191","name":"Noy\u00e9e dans le caf\u00e9 - Aur\u00e9lia Cl\u00e9ment","isPartOf":{"@id":"https:\/\/aureliaclement.com\/#website"},"primaryImageOfPage":{"@id":"https:\/\/aureliaclement.com\/?page_id=1191#primaryimage"},"image":{"@id":"https:\/\/aureliaclement.com\/?page_id=1191#primaryimage"},"thumbnailUrl":"http:\/\/aureliaclement.com\/wp-content\/uploads\/2024\/05\/NDLC-stills00095353.png","datePublished":"2024-04-18T13:43:01+00:00","dateModified":"2026-04-14T15:34:53+00:00","breadcrumb":{"@id":"https:\/\/aureliaclement.com\/?page_id=1191#breadcrumb"},"inLanguage":"fr-FR","potentialAction":[{"@type":"ReadAction","target":["https:\/\/aureliaclement.com\/?page_id=1191"]}]},{"@type":"ImageObject","inLanguage":"fr-FR","@id":"https:\/\/aureliaclement.com\/?page_id=1191#primaryimage","url":"http:\/\/aureliaclement.com\/wp-content\/uploads\/2024\/05\/NDLC-stills00095353.png","contentUrl":"http:\/\/aureliaclement.com\/wp-content\/uploads\/2024\/05\/NDLC-stills00095353.png"},{"@type":"BreadcrumbList","@id":"https:\/\/aureliaclement.com\/?page_id=1191#breadcrumb","itemListElement":[{"@type":"ListItem","position":1,"name":"Accueil","item":"https:\/\/aureliaclement.com\/"},{"@type":"ListItem","position":2,"name":"Court-m\u00e9trages","item":"https:\/\/aureliaclement.com\/"},{"@type":"ListItem","position":3,"name":"Noy\u00e9e dans le caf\u00e9"}]},{"@type":"WebSite","@id":"https:\/\/aureliaclement.com\/#website","url":"https:\/\/aureliaclement.com\/","name":"Aur\u00e9lia Cl\u00e9ment","description":"Cheffe op\u00e9ratrice","potentialAction":[{"@type":"SearchAction","target":{"@type":"EntryPoint","urlTemplate":"https:\/\/aureliaclement.com\/?s={search_term_string}"},"query-input":{"@type":"PropertyValueSpecification","valueRequired":true,"valueName":"search_term_string"}}],"inLanguage":"fr-FR"}]}},"_links":{"self":[{"href":"https:\/\/aureliaclement.com\/index.php?rest_route=\/wp\/v2\/pages\/1191","targetHints":{"allow":["GET"]}}],"collection":[{"href":"https:\/\/aureliaclement.com\/index.php?rest_route=\/wp\/v2\/pages"}],"about":[{"href":"https:\/\/aureliaclement.com\/index.php?rest_route=\/wp\/v2\/types\/page"}],"author":[{"embeddable":true,"href":"https:\/\/aureliaclement.com\/index.php?rest_route=\/wp\/v2\/users\/1"}],"replies":[{"embeddable":true,"href":"https:\/\/aureliaclement.com\/index.php?rest_route=%2Fwp%2Fv2%2Fcomments&post=1191"}],"version-history":[{"count":45,"href":"https:\/\/aureliaclement.com\/index.php?rest_route=\/wp\/v2\/pages\/1191\/revisions"}],"predecessor-version":[{"id":5073,"href":"https:\/\/aureliaclement.com\/index.php?rest_route=\/wp\/v2\/pages\/1191\/revisions\/5073"}],"up":[{"embeddable":true,"href":"https:\/\/aureliaclement.com\/index.php?rest_route=\/wp\/v2\/pages\/17"}],"wp:attachment":[{"href":"https:\/\/aureliaclement.com\/index.php?rest_route=%2Fwp%2Fv2%2Fmedia&parent=1191"}],"curies":[{"name":"wp","href":"https:\/\/api.w.org\/{rel}","templated":true}]}}