{"id":1694,"date":"2024-05-05T16:59:51","date_gmt":"2024-05-05T14:59:51","guid":{"rendered":"https:\/\/aureliaclement.com\/?page_id=1694"},"modified":"2026-04-14T17:33:19","modified_gmt":"2026-04-14T15:33:19","slug":"40s","status":"publish","type":"page","link":"https:\/\/aureliaclement.com\/?page_id=1694","title":{"rendered":"40&rsquo;s"},"content":{"rendered":"\t\t<div data-elementor-type=\"wp-page\" data-elementor-id=\"1694\" class=\"elementor elementor-1694\">\n\t\t\t\t<div class=\"elementor-element elementor-element-87049b7 e-flex e-con-boxed e-con e-parent\" data-id=\"87049b7\" data-element_type=\"container\" data-e-type=\"container\">\n\t\t\t\t\t<div class=\"e-con-inner\">\n\t\t\t\t<div class=\"elementor-element elementor-element-8c6c740 elementor-widget__width-inherit elementor-widget elementor-widget-spacer\" data-id=\"8c6c740\" data-element_type=\"widget\" data-e-type=\"widget\" data-widget_type=\"spacer.default\">\n\t\t\t\t<div class=\"elementor-widget-container\">\n\t\t\t\t\t\t\t<div class=\"elementor-spacer\">\n\t\t\t<div class=\"elementor-spacer-inner\"><\/div>\n\t\t<\/div>\n\t\t\t\t\t\t<\/div>\n\t\t\t\t<\/div>\n\t\t\t\t\t<\/div>\n\t\t\t\t<\/div>\n\t\t<div class=\"elementor-element elementor-element-f1cef4b e-flex e-con-boxed e-con e-parent\" data-id=\"f1cef4b\" data-element_type=\"container\" data-e-type=\"container\">\n\t\t\t\t\t<div class=\"e-con-inner\">\n\t\t\t\t<div class=\"elementor-element elementor-element-89503c6 elementor-widget__width-inherit elementor-widget elementor-widget-heading\" data-id=\"89503c6\" data-element_type=\"widget\" data-e-type=\"widget\" data-widget_type=\"heading.default\">\n\t\t\t\t<div class=\"elementor-widget-container\">\n\t\t\t\t\t<h2 class=\"elementor-heading-title elementor-size-default\">40's<\/h2>\t\t\t\t<\/div>\n\t\t\t\t<\/div>\n\t\t\t\t<div class=\"elementor-element elementor-element-af57afa elementor-widget elementor-widget-text-editor\" data-id=\"af57afa\" data-element_type=\"widget\" data-e-type=\"widget\" data-widget_type=\"text-editor.default\">\n\t\t\t\t<div class=\"elementor-widget-container\">\n\t\t\t\t\t\t\t\t\t<h5><span style=\"text-align: var(--text-align); background-color: transparent;\">2023\u00a0<\/span><strong style=\"text-align: var(--text-align); background-color: transparent;\">\u00b7<\/strong><span style=\"text-align: var(--text-align); background-color: transparent;\"> 2 min <\/span><strong style=\"text-align: var(--text-align); background-color: transparent;\">\u00b7 <\/strong>Sony Venice <strong style=\"text-align: var(--text-align); background-color: transparent;\">\u00b7<\/strong> Zeiss G.O. <strong style=\"text-align: var(--text-align); background-color: transparent;\">\u00b7 <\/strong>1.33<\/h5><h5><em>Camera :<\/em> Elouan Boulestreau <strong style=\"text-align: var(--text-align); background-color: transparent;\">\u00b7 <\/strong><em>Light :<\/em> Anton Belyakov, In\u00e8s Clivio <strong style=\"text-align: var(--text-align); background-color: transparent;\">\u00b7 <\/strong><em>Grip :\u00a0<\/em>Hector Cabel, Jason Boussioux<\/h5>\t\t\t\t\t\t\t\t<\/div>\n\t\t\t\t<\/div>\n\t\t\t\t\t<\/div>\n\t\t\t\t<\/div>\n\t\t<div class=\"elementor-element elementor-element-bc3a36f e-flex e-con-boxed e-con e-parent\" data-id=\"bc3a36f\" data-element_type=\"container\" data-e-type=\"container\">\n\t\t\t\t\t<div class=\"e-con-inner\">\n\t\t\t\t<div class=\"elementor-element elementor-element-dab84f0 elementor-widget elementor-widget-spacer\" data-id=\"dab84f0\" data-element_type=\"widget\" data-e-type=\"widget\" data-widget_type=\"spacer.default\">\n\t\t\t\t<div class=\"elementor-widget-container\">\n\t\t\t\t\t\t\t<div class=\"elementor-spacer\">\n\t\t\t<div class=\"elementor-spacer-inner\"><\/div>\n\t\t<\/div>\n\t\t\t\t\t\t<\/div>\n\t\t\t\t<\/div>\n\t\t\t\t<div class=\"elementor-element elementor-element-0a5430d gallery-spacing-custom elementor-widget elementor-widget-image-gallery\" data-id=\"0a5430d\" data-element_type=\"widget\" data-e-type=\"widget\" data-widget_type=\"image-gallery.default\">\n\t\t\t\t<div class=\"elementor-widget-container\">\n\t\t\t\t\t\t\t<div class=\"elementor-image-gallery\">\n\t\t\t<div id='gallery-1' class='gallery galleryid-1694 gallery-columns-2 gallery-size-tenweb_optimizer_mobile'><figure class='gallery-item'>\n\t\t\t<div class='gallery-icon landscape'>\n\t\t\t\t<a data-elementor-open-lightbox=\"yes\" data-elementor-lightbox-slideshow=\"0a5430d\" data-e-action-hash=\"#elementor-action%3Aaction%3Dlightbox%26settings%3DeyJpZCI6MTcxOCwidXJsIjoiaHR0cHM6XC9cL2F1cmVsaWFjbGVtZW50LmNvbVwvd3AtY29udGVudFwvdXBsb2Fkc1wvMjAyNFwvMDVcL1VudGl0bGVkMDAwOTM0ODQucG5nIiwic2xpZGVzaG93IjoiMGE1NDMwZCJ9\" href='https:\/\/aureliaclement.com\/wp-content\/uploads\/2024\/05\/Untitled00093484.png'><img fetchpriority=\"high\" decoding=\"async\" width=\"600\" height=\"450\" src=\"https:\/\/aureliaclement.com\/wp-content\/uploads\/2024\/05\/Untitled00093484.png\" class=\"attachment-tenweb_optimizer_mobile size-tenweb_optimizer_mobile\" alt=\"\" srcset=\"https:\/\/aureliaclement.com\/wp-content\/uploads\/2024\/05\/Untitled00093484.png 1440w, https:\/\/aureliaclement.com\/wp-content\/uploads\/2024\/05\/Untitled00093484-300x225.png 300w, https:\/\/aureliaclement.com\/wp-content\/uploads\/2024\/05\/Untitled00093484-1024x768.png 1024w, https:\/\/aureliaclement.com\/wp-content\/uploads\/2024\/05\/Untitled00093484-768x576.png 768w\" sizes=\"(max-width: 600px) 100vw, 600px\" \/><\/a>\n\t\t\t<\/div><\/figure><figure class='gallery-item'>\n\t\t\t<div class='gallery-icon landscape'>\n\t\t\t\t<a data-elementor-open-lightbox=\"yes\" data-elementor-lightbox-slideshow=\"0a5430d\" data-e-action-hash=\"#elementor-action%3Aaction%3Dlightbox%26settings%3DeyJpZCI6MTcxMCwidXJsIjoiaHR0cHM6XC9cL2F1cmVsaWFjbGVtZW50LmNvbVwvd3AtY29udGVudFwvdXBsb2Fkc1wvMjAyNFwvMDVcL1VudGl0bGVkMDAwOTA0NjYucG5nIiwic2xpZGVzaG93IjoiMGE1NDMwZCJ9\" href='https:\/\/aureliaclement.com\/wp-content\/uploads\/2024\/05\/Untitled00090466.png'><img decoding=\"async\" width=\"600\" height=\"450\" src=\"https:\/\/aureliaclement.com\/wp-content\/uploads\/2024\/05\/Untitled00090466.png\" class=\"attachment-tenweb_optimizer_mobile size-tenweb_optimizer_mobile\" alt=\"\" srcset=\"https:\/\/aureliaclement.com\/wp-content\/uploads\/2024\/05\/Untitled00090466.png 1440w, https:\/\/aureliaclement.com\/wp-content\/uploads\/2024\/05\/Untitled00090466-300x225.png 300w, https:\/\/aureliaclement.com\/wp-content\/uploads\/2024\/05\/Untitled00090466-1024x768.png 1024w, https:\/\/aureliaclement.com\/wp-content\/uploads\/2024\/05\/Untitled00090466-768x576.png 768w\" sizes=\"(max-width: 600px) 100vw, 600px\" \/><\/a>\n\t\t\t<\/div><\/figure><figure class='gallery-item'>\n\t\t\t<div class='gallery-icon landscape'>\n\t\t\t\t<a data-elementor-open-lightbox=\"yes\" data-elementor-lightbox-slideshow=\"0a5430d\" data-e-action-hash=\"#elementor-action%3Aaction%3Dlightbox%26settings%3DeyJpZCI6MTcxMiwidXJsIjoiaHR0cHM6XC9cL2F1cmVsaWFjbGVtZW50LmNvbVwvd3AtY29udGVudFwvdXBsb2Fkc1wvMjAyNFwvMDVcL1VudGl0bGVkMDAwOTA1NDgucG5nIiwic2xpZGVzaG93IjoiMGE1NDMwZCJ9\" href='https:\/\/aureliaclement.com\/wp-content\/uploads\/2024\/05\/Untitled00090548.png'><img decoding=\"async\" width=\"600\" height=\"450\" src=\"https:\/\/aureliaclement.com\/wp-content\/uploads\/2024\/05\/Untitled00090548.png\" class=\"attachment-tenweb_optimizer_mobile size-tenweb_optimizer_mobile\" alt=\"\" srcset=\"https:\/\/aureliaclement.com\/wp-content\/uploads\/2024\/05\/Untitled00090548.png 1440w, https:\/\/aureliaclement.com\/wp-content\/uploads\/2024\/05\/Untitled00090548-300x225.png 300w, https:\/\/aureliaclement.com\/wp-content\/uploads\/2024\/05\/Untitled00090548-1024x768.png 1024w, https:\/\/aureliaclement.com\/wp-content\/uploads\/2024\/05\/Untitled00090548-768x576.png 768w\" sizes=\"(max-width: 600px) 100vw, 600px\" \/><\/a>\n\t\t\t<\/div><\/figure><figure class='gallery-item'>\n\t\t\t<div class='gallery-icon landscape'>\n\t\t\t\t<a data-elementor-open-lightbox=\"yes\" data-elementor-lightbox-slideshow=\"0a5430d\" data-e-action-hash=\"#elementor-action%3Aaction%3Dlightbox%26settings%3DeyJpZCI6MTcwOCwidXJsIjoiaHR0cHM6XC9cL2F1cmVsaWFjbGVtZW50LmNvbVwvd3AtY29udGVudFwvdXBsb2Fkc1wvMjAyNFwvMDVcL1VudGl0bGVkMDAwOTAzMDEucG5nIiwic2xpZGVzaG93IjoiMGE1NDMwZCJ9\" href='https:\/\/aureliaclement.com\/wp-content\/uploads\/2024\/05\/Untitled00090301.png'><img loading=\"lazy\" decoding=\"async\" width=\"600\" height=\"450\" src=\"https:\/\/aureliaclement.com\/wp-content\/uploads\/2024\/05\/Untitled00090301.png\" class=\"attachment-tenweb_optimizer_mobile size-tenweb_optimizer_mobile\" alt=\"\" srcset=\"https:\/\/aureliaclement.com\/wp-content\/uploads\/2024\/05\/Untitled00090301.png 1436w, https:\/\/aureliaclement.com\/wp-content\/uploads\/2024\/05\/Untitled00090301-300x225.png 300w, https:\/\/aureliaclement.com\/wp-content\/uploads\/2024\/05\/Untitled00090301-1024x768.png 1024w, https:\/\/aureliaclement.com\/wp-content\/uploads\/2024\/05\/Untitled00090301-768x576.png 768w\" sizes=\"(max-width: 600px) 100vw, 600px\" \/><\/a>\n\t\t\t<\/div><\/figure><figure class='gallery-item'>\n\t\t\t<div class='gallery-icon landscape'>\n\t\t\t\t<a data-elementor-open-lightbox=\"yes\" data-elementor-lightbox-slideshow=\"0a5430d\" data-e-action-hash=\"#elementor-action%3Aaction%3Dlightbox%26settings%3DeyJpZCI6MTcxNCwidXJsIjoiaHR0cHM6XC9cL2F1cmVsaWFjbGVtZW50LmNvbVwvd3AtY29udGVudFwvdXBsb2Fkc1wvMjAyNFwvMDVcL1VudGl0bGVkMDAwOTEzNDUucG5nIiwic2xpZGVzaG93IjoiMGE1NDMwZCJ9\" href='https:\/\/aureliaclement.com\/wp-content\/uploads\/2024\/05\/Untitled00091345.png'><img loading=\"lazy\" decoding=\"async\" width=\"600\" height=\"450\" src=\"https:\/\/aureliaclement.com\/wp-content\/uploads\/2024\/05\/Untitled00091345.png\" class=\"attachment-tenweb_optimizer_mobile size-tenweb_optimizer_mobile\" alt=\"\" srcset=\"https:\/\/aureliaclement.com\/wp-content\/uploads\/2024\/05\/Untitled00091345.png 1440w, https:\/\/aureliaclement.com\/wp-content\/uploads\/2024\/05\/Untitled00091345-300x225.png 300w, https:\/\/aureliaclement.com\/wp-content\/uploads\/2024\/05\/Untitled00091345-1024x768.png 1024w, https:\/\/aureliaclement.com\/wp-content\/uploads\/2024\/05\/Untitled00091345-768x576.png 768w\" sizes=\"(max-width: 600px) 100vw, 600px\" \/><\/a>\n\t\t\t<\/div><\/figure><figure class='gallery-item'>\n\t\t\t<div class='gallery-icon landscape'>\n\t\t\t\t<a data-elementor-open-lightbox=\"yes\" data-elementor-lightbox-slideshow=\"0a5430d\" data-e-action-hash=\"#elementor-action%3Aaction%3Dlightbox%26settings%3DeyJpZCI6MTcxNSwidXJsIjoiaHR0cHM6XC9cL2F1cmVsaWFjbGVtZW50LmNvbVwvd3AtY29udGVudFwvdXBsb2Fkc1wvMjAyNFwvMDVcL1VudGl0bGVkMDAwOTE4ODkucG5nIiwic2xpZGVzaG93IjoiMGE1NDMwZCJ9\" href='https:\/\/aureliaclement.com\/wp-content\/uploads\/2024\/05\/Untitled00091889.png'><img loading=\"lazy\" decoding=\"async\" width=\"600\" height=\"450\" src=\"https:\/\/aureliaclement.com\/wp-content\/uploads\/2024\/05\/Untitled00091889.png\" class=\"attachment-tenweb_optimizer_mobile size-tenweb_optimizer_mobile\" alt=\"\" srcset=\"https:\/\/aureliaclement.com\/wp-content\/uploads\/2024\/05\/Untitled00091889.png 1440w, https:\/\/aureliaclement.com\/wp-content\/uploads\/2024\/05\/Untitled00091889-300x225.png 300w, https:\/\/aureliaclement.com\/wp-content\/uploads\/2024\/05\/Untitled00091889-1024x768.png 1024w, https:\/\/aureliaclement.com\/wp-content\/uploads\/2024\/05\/Untitled00091889-768x576.png 768w\" sizes=\"(max-width: 600px) 100vw, 600px\" \/><\/a>\n\t\t\t<\/div><\/figure><figure class='gallery-item'>\n\t\t\t<div class='gallery-icon landscape'>\n\t\t\t\t<a data-elementor-open-lightbox=\"yes\" data-elementor-lightbox-slideshow=\"0a5430d\" data-e-action-hash=\"#elementor-action%3Aaction%3Dlightbox%26settings%3DeyJpZCI6MTcwOSwidXJsIjoiaHR0cHM6XC9cL2F1cmVsaWFjbGVtZW50LmNvbVwvd3AtY29udGVudFwvdXBsb2Fkc1wvMjAyNFwvMDVcL1VudGl0bGVkMDAwOTA0MTUucG5nIiwic2xpZGVzaG93IjoiMGE1NDMwZCJ9\" href='https:\/\/aureliaclement.com\/wp-content\/uploads\/2024\/05\/Untitled00090415.png'><img loading=\"lazy\" decoding=\"async\" width=\"600\" height=\"450\" src=\"https:\/\/aureliaclement.com\/wp-content\/uploads\/2024\/05\/Untitled00090415.png\" class=\"attachment-tenweb_optimizer_mobile size-tenweb_optimizer_mobile\" alt=\"\" srcset=\"https:\/\/aureliaclement.com\/wp-content\/uploads\/2024\/05\/Untitled00090415.png 1440w, https:\/\/aureliaclement.com\/wp-content\/uploads\/2024\/05\/Untitled00090415-300x225.png 300w, https:\/\/aureliaclement.com\/wp-content\/uploads\/2024\/05\/Untitled00090415-1024x768.png 1024w, https:\/\/aureliaclement.com\/wp-content\/uploads\/2024\/05\/Untitled00090415-768x576.png 768w\" sizes=\"(max-width: 600px) 100vw, 600px\" \/><\/a>\n\t\t\t<\/div><\/figure><figure class='gallery-item'>\n\t\t\t<div class='gallery-icon landscape'>\n\t\t\t\t<a data-elementor-open-lightbox=\"yes\" data-elementor-lightbox-slideshow=\"0a5430d\" data-e-action-hash=\"#elementor-action%3Aaction%3Dlightbox%26settings%3DeyJpZCI6MTcxNywidXJsIjoiaHR0cHM6XC9cL2F1cmVsaWFjbGVtZW50LmNvbVwvd3AtY29udGVudFwvdXBsb2Fkc1wvMjAyNFwvMDVcL1VudGl0bGVkMDAwOTMwOTAucG5nIiwic2xpZGVzaG93IjoiMGE1NDMwZCJ9\" href='https:\/\/aureliaclement.com\/wp-content\/uploads\/2024\/05\/Untitled00093090.png'><img loading=\"lazy\" decoding=\"async\" width=\"600\" height=\"450\" src=\"https:\/\/aureliaclement.com\/wp-content\/uploads\/2024\/05\/Untitled00093090.png\" class=\"attachment-tenweb_optimizer_mobile size-tenweb_optimizer_mobile\" alt=\"\" srcset=\"https:\/\/aureliaclement.com\/wp-content\/uploads\/2024\/05\/Untitled00093090.png 1440w, https:\/\/aureliaclement.com\/wp-content\/uploads\/2024\/05\/Untitled00093090-300x225.png 300w, https:\/\/aureliaclement.com\/wp-content\/uploads\/2024\/05\/Untitled00093090-1024x768.png 1024w, https:\/\/aureliaclement.com\/wp-content\/uploads\/2024\/05\/Untitled00093090-768x576.png 768w\" sizes=\"(max-width: 600px) 100vw, 600px\" \/><\/a>\n\t\t\t<\/div><\/figure>\n\t\t<\/div>\n\t\t<\/div>\n\t\t\t\t\t\t<\/div>\n\t\t\t\t<\/div>\n\t\t\t\t\t<\/div>\n\t\t\t\t<\/div>\n\t\t<div class=\"elementor-element elementor-element-fc8e582 e-flex e-con-boxed e-con e-child\" data-id=\"fc8e582\" data-element_type=\"container\" data-e-type=\"container\">\n\t\t\t\t\t<div class=\"e-con-inner\">\n\t\t\t\t<div class=\"elementor-element elementor-element-87df403 elementor-widget elementor-widget-spacer\" data-id=\"87df403\" data-element_type=\"widget\" data-e-type=\"widget\" data-widget_type=\"spacer.default\">\n\t\t\t\t<div class=\"elementor-widget-container\">\n\t\t\t\t\t\t\t<div class=\"elementor-spacer\">\n\t\t\t<div class=\"elementor-spacer-inner\"><\/div>\n\t\t<\/div>\n\t\t\t\t\t\t<\/div>\n\t\t\t\t<\/div>\n\t\t\t\t\t<\/div>\n\t\t\t\t<\/div>\n\t\t\t\t<\/div>\n\t\t","protected":false},"excerpt":{"rendered":"<p>40&rsquo;s 2023\u00a0\u00b7 2 min \u00b7 Sony Venice \u00b7 Zeiss G.O. \u00b7 1.33 Camera : Elouan Boulestreau \u00b7 Light : Anton Belyakov, In\u00e8s Clivio \u00b7 Grip :\u00a0Hector Cabel, Jason Boussioux<\/p>\n","protected":false},"author":1,"featured_media":0,"parent":17,"menu_order":8,"comment_status":"closed","ping_status":"closed","template":"","meta":{"editor_plus_copied_stylings":"{}","_kad_post_transparent":"","_kad_post_title":"hide","_kad_post_layout":"fullwidth","_kad_post_sidebar_id":"","_kad_post_content_style":"unboxed","_kad_post_vertical_padding":"hide","_kad_post_feature":"hide","_kad_post_feature_position":"","_kad_post_header":false,"_kad_post_footer":false,"_kad_post_classname":"","two_page_speed":[],"footnotes":""},"class_list":["post-1694","page","type-page","status-publish","hentry"],"yoast_head":"<!-- This site is optimized with the Yoast SEO plugin v27.5 - https:\/\/yoast.com\/product\/yoast-seo-wordpress\/ -->\n<title>40&#039;s - Aur\u00e9lia Cl\u00e9ment<\/title>\n<meta name=\"robots\" content=\"index, follow, max-snippet:-1, max-image-preview:large, max-video-preview:-1\" \/>\n<link rel=\"canonical\" href=\"https:\/\/aureliaclement.com\/?page_id=1694\" \/>\n<meta property=\"og:locale\" content=\"fr_FR\" \/>\n<meta property=\"og:type\" content=\"article\" \/>\n<meta property=\"og:title\" content=\"40&#039;s - Aur\u00e9lia Cl\u00e9ment\" \/>\n<meta property=\"og:description\" content=\"40&rsquo;s 2023\u00a0\u00b7 2 min \u00b7 Sony Venice \u00b7 Zeiss G.O. \u00b7 1.33 Camera : Elouan Boulestreau \u00b7 Light : Anton Belyakov, In\u00e8s Clivio \u00b7 Grip :\u00a0Hector Cabel, Jason Boussioux\" \/>\n<meta property=\"og:url\" content=\"https:\/\/aureliaclement.com\/?page_id=1694\" \/>\n<meta property=\"og:site_name\" content=\"Aur\u00e9lia Cl\u00e9ment\" \/>\n<meta property=\"article:modified_time\" content=\"2026-04-14T15:33:19+00:00\" \/>\n<meta property=\"og:image\" content=\"http:\/\/aureliaclement.com\/wp-content\/uploads\/2024\/05\/Untitled00093484.png\" \/>\n\t<meta property=\"og:image:width\" content=\"1440\" \/>\n\t<meta property=\"og:image:height\" content=\"1080\" \/>\n\t<meta property=\"og:image:type\" content=\"image\/png\" \/>\n<meta name=\"twitter:card\" content=\"summary_large_image\" \/>\n<meta name=\"twitter:label1\" content=\"Dur\u00e9e de lecture estim\u00e9e\" \/>\n\t<meta name=\"twitter:data1\" content=\"2 minutes\" \/>\n<script type=\"application\/ld+json\" class=\"yoast-schema-graph\">{\"@context\":\"https:\\\/\\\/schema.org\",\"@graph\":[{\"@type\":\"WebPage\",\"@id\":\"https:\\\/\\\/aureliaclement.com\\\/?page_id=1694\",\"url\":\"https:\\\/\\\/aureliaclement.com\\\/?page_id=1694\",\"name\":\"40's - Aur\u00e9lia Cl\u00e9ment\",\"isPartOf\":{\"@id\":\"https:\\\/\\\/aureliaclement.com\\\/#website\"},\"primaryImageOfPage\":{\"@id\":\"https:\\\/\\\/aureliaclement.com\\\/?page_id=1694#primaryimage\"},\"image\":{\"@id\":\"https:\\\/\\\/aureliaclement.com\\\/?page_id=1694#primaryimage\"},\"thumbnailUrl\":\"http:\\\/\\\/aureliaclement.com\\\/wp-content\\\/uploads\\\/2024\\\/05\\\/Untitled00093484.png\",\"datePublished\":\"2024-05-05T14:59:51+00:00\",\"dateModified\":\"2026-04-14T15:33:19+00:00\",\"breadcrumb\":{\"@id\":\"https:\\\/\\\/aureliaclement.com\\\/?page_id=1694#breadcrumb\"},\"inLanguage\":\"fr-FR\",\"potentialAction\":[{\"@type\":\"ReadAction\",\"target\":[\"https:\\\/\\\/aureliaclement.com\\\/?page_id=1694\"]}]},{\"@type\":\"ImageObject\",\"inLanguage\":\"fr-FR\",\"@id\":\"https:\\\/\\\/aureliaclement.com\\\/?page_id=1694#primaryimage\",\"url\":\"http:\\\/\\\/aureliaclement.com\\\/wp-content\\\/uploads\\\/2024\\\/05\\\/Untitled00093484.png\",\"contentUrl\":\"http:\\\/\\\/aureliaclement.com\\\/wp-content\\\/uploads\\\/2024\\\/05\\\/Untitled00093484.png\"},{\"@type\":\"BreadcrumbList\",\"@id\":\"https:\\\/\\\/aureliaclement.com\\\/?page_id=1694#breadcrumb\",\"itemListElement\":[{\"@type\":\"ListItem\",\"position\":1,\"name\":\"Accueil\",\"item\":\"https:\\\/\\\/aureliaclement.com\\\/\"},{\"@type\":\"ListItem\",\"position\":2,\"name\":\"Court-m\u00e9trages\",\"item\":\"https:\\\/\\\/aureliaclement.com\\\/\"},{\"@type\":\"ListItem\",\"position\":3,\"name\":\"40&rsquo;s\"}]},{\"@type\":\"WebSite\",\"@id\":\"https:\\\/\\\/aureliaclement.com\\\/#website\",\"url\":\"https:\\\/\\\/aureliaclement.com\\\/\",\"name\":\"Aur\u00e9lia Cl\u00e9ment\",\"description\":\"Cheffe op\u00e9ratrice\",\"potentialAction\":[{\"@type\":\"SearchAction\",\"target\":{\"@type\":\"EntryPoint\",\"urlTemplate\":\"https:\\\/\\\/aureliaclement.com\\\/?s={search_term_string}\"},\"query-input\":{\"@type\":\"PropertyValueSpecification\",\"valueRequired\":true,\"valueName\":\"search_term_string\"}}],\"inLanguage\":\"fr-FR\"}]}<\/script>\n<!-- \/ Yoast SEO plugin. -->","yoast_head_json":{"title":"40's - Aur\u00e9lia Cl\u00e9ment","robots":{"index":"index","follow":"follow","max-snippet":"max-snippet:-1","max-image-preview":"max-image-preview:large","max-video-preview":"max-video-preview:-1"},"canonical":"https:\/\/aureliaclement.com\/?page_id=1694","og_locale":"fr_FR","og_type":"article","og_title":"40's - Aur\u00e9lia Cl\u00e9ment","og_description":"40&rsquo;s 2023\u00a0\u00b7 2 min \u00b7 Sony Venice \u00b7 Zeiss G.O. \u00b7 1.33 Camera : Elouan Boulestreau \u00b7 Light : Anton Belyakov, In\u00e8s Clivio \u00b7 Grip :\u00a0Hector Cabel, Jason Boussioux","og_url":"https:\/\/aureliaclement.com\/?page_id=1694","og_site_name":"Aur\u00e9lia Cl\u00e9ment","article_modified_time":"2026-04-14T15:33:19+00:00","og_image":[{"width":1440,"height":1080,"url":"http:\/\/aureliaclement.com\/wp-content\/uploads\/2024\/05\/Untitled00093484.png","type":"image\/png"}],"twitter_card":"summary_large_image","twitter_misc":{"Dur\u00e9e de lecture estim\u00e9e":"2 minutes"},"schema":{"@context":"https:\/\/schema.org","@graph":[{"@type":"WebPage","@id":"https:\/\/aureliaclement.com\/?page_id=1694","url":"https:\/\/aureliaclement.com\/?page_id=1694","name":"40's - Aur\u00e9lia Cl\u00e9ment","isPartOf":{"@id":"https:\/\/aureliaclement.com\/#website"},"primaryImageOfPage":{"@id":"https:\/\/aureliaclement.com\/?page_id=1694#primaryimage"},"image":{"@id":"https:\/\/aureliaclement.com\/?page_id=1694#primaryimage"},"thumbnailUrl":"http:\/\/aureliaclement.com\/wp-content\/uploads\/2024\/05\/Untitled00093484.png","datePublished":"2024-05-05T14:59:51+00:00","dateModified":"2026-04-14T15:33:19+00:00","breadcrumb":{"@id":"https:\/\/aureliaclement.com\/?page_id=1694#breadcrumb"},"inLanguage":"fr-FR","potentialAction":[{"@type":"ReadAction","target":["https:\/\/aureliaclement.com\/?page_id=1694"]}]},{"@type":"ImageObject","inLanguage":"fr-FR","@id":"https:\/\/aureliaclement.com\/?page_id=1694#primaryimage","url":"http:\/\/aureliaclement.com\/wp-content\/uploads\/2024\/05\/Untitled00093484.png","contentUrl":"http:\/\/aureliaclement.com\/wp-content\/uploads\/2024\/05\/Untitled00093484.png"},{"@type":"BreadcrumbList","@id":"https:\/\/aureliaclement.com\/?page_id=1694#breadcrumb","itemListElement":[{"@type":"ListItem","position":1,"name":"Accueil","item":"https:\/\/aureliaclement.com\/"},{"@type":"ListItem","position":2,"name":"Court-m\u00e9trages","item":"https:\/\/aureliaclement.com\/"},{"@type":"ListItem","position":3,"name":"40&rsquo;s"}]},{"@type":"WebSite","@id":"https:\/\/aureliaclement.com\/#website","url":"https:\/\/aureliaclement.com\/","name":"Aur\u00e9lia Cl\u00e9ment","description":"Cheffe op\u00e9ratrice","potentialAction":[{"@type":"SearchAction","target":{"@type":"EntryPoint","urlTemplate":"https:\/\/aureliaclement.com\/?s={search_term_string}"},"query-input":{"@type":"PropertyValueSpecification","valueRequired":true,"valueName":"search_term_string"}}],"inLanguage":"fr-FR"}]}},"_links":{"self":[{"href":"https:\/\/aureliaclement.com\/index.php?rest_route=\/wp\/v2\/pages\/1694","targetHints":{"allow":["GET"]}}],"collection":[{"href":"https:\/\/aureliaclement.com\/index.php?rest_route=\/wp\/v2\/pages"}],"about":[{"href":"https:\/\/aureliaclement.com\/index.php?rest_route=\/wp\/v2\/types\/page"}],"author":[{"embeddable":true,"href":"https:\/\/aureliaclement.com\/index.php?rest_route=\/wp\/v2\/users\/1"}],"replies":[{"embeddable":true,"href":"https:\/\/aureliaclement.com\/index.php?rest_route=%2Fwp%2Fv2%2Fcomments&post=1694"}],"version-history":[{"count":42,"href":"https:\/\/aureliaclement.com\/index.php?rest_route=\/wp\/v2\/pages\/1694\/revisions"}],"predecessor-version":[{"id":5071,"href":"https:\/\/aureliaclement.com\/index.php?rest_route=\/wp\/v2\/pages\/1694\/revisions\/5071"}],"up":[{"embeddable":true,"href":"https:\/\/aureliaclement.com\/index.php?rest_route=\/wp\/v2\/pages\/17"}],"wp:attachment":[{"href":"https:\/\/aureliaclement.com\/index.php?rest_route=%2Fwp%2Fv2%2Fmedia&parent=1694"}],"curies":[{"name":"wp","href":"https:\/\/api.w.org\/{rel}","templated":true}]}}