{"id":25,"date":"2023-11-20T18:41:54","date_gmt":"2023-11-20T17:41:54","guid":{"rendered":"https:\/\/aureliaclement.com\/?page_id=25"},"modified":"2025-12-28T19:27:25","modified_gmt":"2025-12-28T18:27:25","slug":"contact","status":"publish","type":"page","link":"https:\/\/aureliaclement.com\/?page_id=25","title":{"rendered":"A Propos"},"content":{"rendered":"\t\t<div data-elementor-type=\"wp-page\" data-elementor-id=\"25\" class=\"elementor elementor-25\">\n\t\t\t\t<div class=\"elementor-element elementor-element-4efe269 e-flex e-con-boxed e-con e-parent\" data-id=\"4efe269\" data-element_type=\"container\" data-e-type=\"container\">\n\t\t\t\t\t<div class=\"e-con-inner\">\n\t\t\t\t<div class=\"elementor-element elementor-element-6d47fb9 elementor-widget__width-inherit elementor-widget elementor-widget-spacer\" data-id=\"6d47fb9\" data-element_type=\"widget\" data-e-type=\"widget\" data-widget_type=\"spacer.default\">\n\t\t\t\t<div class=\"elementor-widget-container\">\n\t\t\t\t\t\t\t<div class=\"elementor-spacer\">\n\t\t\t<div class=\"elementor-spacer-inner\"><\/div>\n\t\t<\/div>\n\t\t\t\t\t\t<\/div>\n\t\t\t\t<\/div>\n\t\t\t\t\t<\/div>\n\t\t\t\t<\/div>\n\t\t<div class=\"elementor-element elementor-element-c3364fd e-flex e-con-boxed e-con e-parent\" data-id=\"c3364fd\" data-element_type=\"container\" data-e-type=\"container\">\n\t\t\t\t\t<div class=\"e-con-inner\">\n\t\t\t\t<div class=\"elementor-element elementor-element-917b35f elementor-widget__width-initial elementor-widget-mobile__width-inherit elementor-widget elementor-widget-text-editor\" data-id=\"917b35f\" data-element_type=\"widget\" data-e-type=\"widget\" data-widget_type=\"text-editor.default\">\n\t\t\t\t<div class=\"elementor-widget-container\">\n\t\t\t\t\t\t\t\t\t<h6 class=\"p1\">Form\u00e9e \u00e0 l\u2019ENS Louis Lumi\u00e8re, je suis cheffe op\u00e9ratrice principalement de court-m\u00e9trages de fiction, mais je m\u2019ouvre aussi aux documentaires et films musicaux. Je valorise particuli\u00e8rement la dimension politique et humaine des projets dans lesquels je m\u2019engage. Ce qui me passionne avant tout, c\u2019est de transposer \u00e0 l\u2019image la vision d\u2019un.e r\u00e9alisateurice. J\u2019adore la diversit\u00e9 des projets et des styles visuels que chaque personnalit\u00e9 apporte. Je prends autant de plaisir \u00e0 cadrer en cam\u00e9ra \u00e9paule, dans des moments bruts et spontan\u00e9s, qu\u2019\u00e0 imaginer des mouvements de travelling pr\u00e9cis et chor\u00e9graphi\u00e9s. Que les images soient ancr\u00e9es dans le r\u00e9alisme ou qu\u2019elles nous plongent dans des univers plus po\u00e9tiques et int\u00e9rieurs, cette polyvalence enrichit mon regard.<\/h6><h6 class=\"p1\">Ayant fait mon m\u00e9moire sur le travail de l\u2019obscurit\u00e9 au cin\u00e9ma, j\u2019ai un attrait particulier pour les images de nuit, en clair-obscur et les histoires qui s&rsquo;y pr\u00eatent. Mais j\u2019ai aussi eu l\u2019opportunit\u00e9 de travailler la lumi\u00e8re naturelle sur des court-m\u00e9trages solaires, voir caniculaires, en pleine nature. J\u2019aime exp\u00e9rimenter et cr\u00e9er des images en dehors de ma zone de confort, pour d\u00e9couvrir et continuer d\u2019apprendre.<\/h6><h6 class=\"p1\">En parall\u00e8le, je travaille comme assistante cam\u00e9ra sur divers projets \u2013 longs-m\u00e9trages, s\u00e9ries, pubs, courts-m\u00e9trages \u2013<span class=\"Apple-converted-space\">\u00a0 <\/span>\u00e0 diff\u00e9rents postes : 1\u00e8re, 2nde, 3e assistante. Travailler aux c\u00f4t\u00e9s de chefs op\u00e9rateurs dont j\u2019admire les images est une vraie chance, me permettant d\u2019apprendre de nouvelles techniques et d\u2019explorer des outils que je peux ensuite int\u00e9grer dans mon propre travail.<\/h6><h6 class=\"p1\">Voyager est aussi une source d\u2019inspiration in\u00e9puisable pour d\u00e9couvrir de nouveaux d\u00e9cors, de nouvelles ambiances et lumi\u00e8res. Mon argentique m\u2019accompagne partout pour capturer les formes, couleurs et contrastes qui attirent mon oeil. Je me sers de ces photos par la suite pour cr\u00e9er des LUTs et \u00e9talonner les films.<\/h6>\t\t\t\t\t\t\t\t<\/div>\n\t\t\t\t<\/div>\n\t\t<div class=\"elementor-element elementor-element-ef68478 e-flex e-con-boxed e-con e-child\" data-id=\"ef68478\" data-element_type=\"container\" data-e-type=\"container\">\n\t\t\t\t\t<div class=\"e-con-inner\">\n\t\t<div class=\"elementor-element elementor-element-858c821 e-flex e-con-boxed e-con e-child\" data-id=\"858c821\" data-element_type=\"container\" data-e-type=\"container\">\n\t\t\t\t\t<div class=\"e-con-inner\">\n\t\t\t\t<div class=\"elementor-element elementor-element-97096f7 elementor-widget elementor-widget-text-editor\" data-id=\"97096f7\" data-element_type=\"widget\" data-e-type=\"widget\" data-widget_type=\"text-editor.default\">\n\t\t\t\t<div class=\"elementor-widget-container\">\n\t\t\t\t\t\t\t\t\t<h1>Photos de tournage<\/h1>\t\t\t\t\t\t\t\t<\/div>\n\t\t\t\t<\/div>\n\t\t\t\t<div class=\"elementor-element elementor-element-e57f8d4 elementor-arrows-position-inside elementor-pagination-position-outside elementor-widget elementor-widget-image-carousel\" data-id=\"e57f8d4\" data-element_type=\"widget\" data-e-type=\"widget\" data-settings=\"{&quot;slides_to_show&quot;:&quot;1&quot;,&quot;navigation&quot;:&quot;both&quot;,&quot;autoplay&quot;:&quot;yes&quot;,&quot;pause_on_hover&quot;:&quot;yes&quot;,&quot;pause_on_interaction&quot;:&quot;yes&quot;,&quot;autoplay_speed&quot;:5000,&quot;infinite&quot;:&quot;yes&quot;,&quot;effect&quot;:&quot;slide&quot;,&quot;speed&quot;:500}\" data-widget_type=\"image-carousel.default\">\n\t\t\t\t<div class=\"elementor-widget-container\">\n\t\t\t\t\t\t\t<div class=\"elementor-image-carousel-wrapper swiper\" role=\"region\" aria-roledescription=\"carousel\" aria-label=\"Carrousel d\u2019images\" dir=\"ltr\">\n\t\t\t<div class=\"elementor-image-carousel swiper-wrapper\" aria-live=\"off\">\n\t\t\t\t\t\t\t\t<div class=\"swiper-slide\" role=\"group\" aria-roledescription=\"slide\" aria-label=\"1 sur 12\"><figure class=\"swiper-slide-inner\"><img decoding=\"async\" class=\"swiper-slide-image\" src=\"https:\/\/aureliaclement.com\/wp-content\/uploads\/2024\/05\/DSC0509-scaled.jpg\" alt=\"_DSC0509\" \/><\/figure><\/div><div class=\"swiper-slide\" role=\"group\" aria-roledescription=\"slide\" aria-label=\"2 sur 12\"><figure class=\"swiper-slide-inner\"><img decoding=\"async\" class=\"swiper-slide-image\" src=\"https:\/\/aureliaclement.com\/wp-content\/uploads\/2024\/05\/IMPR8340-1-scaled.jpg\" alt=\"IMPR8340\" \/><\/figure><\/div><div class=\"swiper-slide\" role=\"group\" aria-roledescription=\"slide\" aria-label=\"3 sur 12\"><figure class=\"swiper-slide-inner\"><img decoding=\"async\" class=\"swiper-slide-image\" src=\"https:\/\/aureliaclement.com\/wp-content\/uploads\/2024\/05\/IMG_5920-2-scaled.jpg\" alt=\"IMG_5920\" \/><\/figure><\/div><div class=\"swiper-slide\" role=\"group\" aria-roledescription=\"slide\" aria-label=\"4 sur 12\"><figure class=\"swiper-slide-inner\"><img decoding=\"async\" class=\"swiper-slide-image\" src=\"https:\/\/aureliaclement.com\/wp-content\/uploads\/2025\/02\/1dbedcf6-3f5d-4464-9739-e7d598162538.jpg\" alt=\"1dbedcf6-3f5d-4464-9739-e7d598162538\" \/><\/figure><\/div><div class=\"swiper-slide\" role=\"group\" aria-roledescription=\"slide\" aria-label=\"5 sur 12\"><figure class=\"swiper-slide-inner\"><img decoding=\"async\" class=\"swiper-slide-image\" src=\"https:\/\/aureliaclement.com\/wp-content\/uploads\/2025\/02\/2ff07322-0a48-4c1f-a7f4-98680e563ff1.jpg\" alt=\"2ff07322-0a48-4c1f-a7f4-98680e563ff1\" \/><\/figure><\/div><div class=\"swiper-slide\" role=\"group\" aria-roledescription=\"slide\" aria-label=\"6 sur 12\"><figure class=\"swiper-slide-inner\"><img decoding=\"async\" class=\"swiper-slide-image\" src=\"https:\/\/aureliaclement.com\/wp-content\/uploads\/2025\/02\/bdee5692-5da4-4b0e-8831-46a7ba2dbf55.jpg\" alt=\"bdee5692-5da4-4b0e-8831-46a7ba2dbf55\" \/><\/figure><\/div><div class=\"swiper-slide\" role=\"group\" aria-roledescription=\"slide\" aria-label=\"7 sur 12\"><figure class=\"swiper-slide-inner\"><img decoding=\"async\" class=\"swiper-slide-image\" src=\"https:\/\/aureliaclement.com\/wp-content\/uploads\/2025\/02\/ef937518-f1db-457f-b407-ff9b886b383e.jpg\" alt=\"ef937518-f1db-457f-b407-ff9b886b383e\" \/><\/figure><\/div><div class=\"swiper-slide\" role=\"group\" aria-roledescription=\"slide\" aria-label=\"8 sur 12\"><figure class=\"swiper-slide-inner\"><img decoding=\"async\" class=\"swiper-slide-image\" src=\"https:\/\/aureliaclement.com\/wp-content\/uploads\/2025\/03\/IMG_8579-scaled.jpg\" alt=\"IMG_8579\" \/><\/figure><\/div><div class=\"swiper-slide\" role=\"group\" aria-roledescription=\"slide\" aria-label=\"9 sur 12\"><figure class=\"swiper-slide-inner\"><img decoding=\"async\" class=\"swiper-slide-image\" src=\"https:\/\/aureliaclement.com\/wp-content\/uploads\/2025\/09\/32fb321c-c887-4581-b1e4-e571af53ab8e-600x450.jpg\" alt=\"32fb321c-c887-4581-b1e4-e571af53ab8e\" \/><\/figure><\/div><div class=\"swiper-slide\" role=\"group\" aria-roledescription=\"slide\" aria-label=\"10 sur 12\"><figure class=\"swiper-slide-inner\"><img decoding=\"async\" class=\"swiper-slide-image\" src=\"https:\/\/aureliaclement.com\/wp-content\/uploads\/2025\/09\/99837432-463e-4123-8490-4b5090760e79-600x450.jpg\" alt=\"99837432-463e-4123-8490-4b5090760e79\" \/><\/figure><\/div><div class=\"swiper-slide\" role=\"group\" aria-roledescription=\"slide\" aria-label=\"11 sur 12\"><figure class=\"swiper-slide-inner\"><img decoding=\"async\" class=\"swiper-slide-image\" src=\"https:\/\/aureliaclement.com\/wp-content\/uploads\/2025\/09\/bc0ccb3d-aafe-423e-8f67-10c18674cef3-600x450.jpg\" alt=\"bc0ccb3d-aafe-423e-8f67-10c18674cef3\" \/><\/figure><\/div><div class=\"swiper-slide\" role=\"group\" aria-roledescription=\"slide\" aria-label=\"12 sur 12\"><figure class=\"swiper-slide-inner\"><img decoding=\"async\" class=\"swiper-slide-image\" src=\"https:\/\/aureliaclement.com\/wp-content\/uploads\/2025\/09\/ebf387f0-5bbb-4acd-8906-38fbff88c442-600x450.jpg\" alt=\"ebf387f0-5bbb-4acd-8906-38fbff88c442\" \/><\/figure><\/div>\t\t\t<\/div>\n\t\t\t\t\t\t\t\t\t\t\t\t<div class=\"elementor-swiper-button elementor-swiper-button-prev\" role=\"button\" tabindex=\"0\">\n\t\t\t\t\t\t<svg aria-hidden=\"true\" class=\"e-font-icon-svg e-eicon-chevron-left\" viewBox=\"0 0 1000 1000\" xmlns=\"http:\/\/www.w3.org\/2000\/svg\"><path d=\"M646 125C629 125 613 133 604 142L308 442C296 454 292 471 292 487 292 504 296 521 308 533L604 854C617 867 629 875 646 875 663 875 679 871 692 858 704 846 713 829 713 812 713 796 708 779 692 767L438 487 692 225C700 217 708 204 708 187 708 171 704 154 692 142 675 129 663 125 646 125Z\"><\/path><\/svg>\t\t\t\t\t<\/div>\n\t\t\t\t\t<div class=\"elementor-swiper-button elementor-swiper-button-next\" role=\"button\" tabindex=\"0\">\n\t\t\t\t\t\t<svg aria-hidden=\"true\" class=\"e-font-icon-svg e-eicon-chevron-right\" viewBox=\"0 0 1000 1000\" xmlns=\"http:\/\/www.w3.org\/2000\/svg\"><path d=\"M696 533C708 521 713 504 713 487 713 471 708 454 696 446L400 146C388 133 375 125 354 125 338 125 325 129 313 142 300 154 292 171 292 187 292 204 296 221 308 233L563 492 304 771C292 783 288 800 288 817 288 833 296 850 308 863 321 871 338 875 354 875 371 875 388 867 400 854L696 533Z\"><\/path><\/svg>\t\t\t\t\t<\/div>\n\t\t\t\t\n\t\t\t\t\t\t\t\t\t<div class=\"swiper-pagination\"><\/div>\n\t\t\t\t\t\t\t\t\t<\/div>\n\t\t\t\t\t\t<\/div>\n\t\t\t\t<\/div>\n\t\t\t\t\t<\/div>\n\t\t\t\t<\/div>\n\t\t\t\t\t<\/div>\n\t\t\t\t<\/div>\n\t\t\t\t\t<\/div>\n\t\t\t\t<\/div>\n\t\t<div class=\"elementor-element elementor-element-89d2ba3 e-flex e-con-boxed e-con e-parent\" data-id=\"89d2ba3\" data-element_type=\"container\" data-e-type=\"container\" data-settings=\"{&quot;background_background&quot;:&quot;classic&quot;}\">\n\t\t\t\t\t<div class=\"e-con-inner\">\n\t\t<div class=\"elementor-element elementor-element-d0f6154 e-con-full e-flex e-con e-child\" data-id=\"d0f6154\" data-element_type=\"container\" data-e-type=\"container\">\n\t\t\t\t<div class=\"elementor-element elementor-element-483f4c7 elementor-widget elementor-widget-text-editor\" data-id=\"483f4c7\" data-element_type=\"widget\" data-e-type=\"widget\" data-widget_type=\"text-editor.default\">\n\t\t\t\t<div class=\"elementor-widget-container\">\n\t\t\t\t\t\t\t\t\t<h1>Contact<\/h1>\t\t\t\t\t\t\t\t<\/div>\n\t\t\t\t<\/div>\n\t\t\t\t<div class=\"elementor-element elementor-element-73a5d40 elementor-position-inline-start elementor-mobile-position-inline-start elementor-widget__width-inherit elementor-view-default elementor-widget elementor-widget-icon-box\" data-id=\"73a5d40\" data-element_type=\"widget\" data-e-type=\"widget\" data-widget_type=\"icon-box.default\">\n\t\t\t\t<div class=\"elementor-widget-container\">\n\t\t\t\t\t\t\t<div class=\"elementor-icon-box-wrapper\">\n\n\t\t\t\t\t\t<div class=\"elementor-icon-box-icon\">\n\t\t\t\t<span  class=\"elementor-icon\">\n\t\t\t\t<svg aria-hidden=\"true\" class=\"e-font-icon-svg e-fab-whatsapp\" viewBox=\"0 0 448 512\" xmlns=\"http:\/\/www.w3.org\/2000\/svg\"><path d=\"M380.9 97.1C339 55.1 283.2 32 223.9 32c-122.4 0-222 99.6-222 222 0 39.1 10.2 77.3 29.6 111L0 480l117.7-30.9c32.4 17.7 68.9 27 106.1 27h.1c122.3 0 224.1-99.6 224.1-222 0-59.3-25.2-115-67.1-157zm-157 341.6c-33.2 0-65.7-8.9-94-25.7l-6.7-4-69.8 18.3L72 359.2l-4.4-7c-18.5-29.4-28.2-63.3-28.2-98.2 0-101.7 82.8-184.5 184.6-184.5 49.3 0 95.6 19.2 130.4 54.1 34.8 34.9 56.2 81.2 56.1 130.5 0 101.8-84.9 184.6-186.6 184.6zm101.2-138.2c-5.5-2.8-32.8-16.2-37.9-18-5.1-1.9-8.8-2.8-12.5 2.8-3.7 5.6-14.3 18-17.6 21.8-3.2 3.7-6.5 4.2-12 1.4-32.6-16.3-54-29.1-75.5-66-5.7-9.8 5.7-9.1 16.3-30.3 1.8-3.7.9-6.9-.5-9.7-1.4-2.8-12.5-30.1-17.1-41.2-4.5-10.8-9.1-9.3-12.5-9.5-3.2-.2-6.9-.2-10.6-.2-3.7 0-9.7 1.4-14.8 6.9-5.1 5.6-19.4 19-19.4 46.3 0 27.3 19.9 53.7 22.6 57.4 2.8 3.7 39.1 59.7 94.8 83.8 35.2 15.2 49 16.5 66.6 13.9 10.7-1.6 32.8-13.4 37.4-26.4 4.6-13 4.6-24.1 3.2-26.4-1.3-2.5-5-3.9-10.5-6.6z\"><\/path><\/svg>\t\t\t\t<\/span>\n\t\t\t<\/div>\n\t\t\t\n\t\t\t\t\t\t<div class=\"elementor-icon-box-content\">\n\n\t\t\t\t\t\t\t\t\t<h3 class=\"elementor-icon-box-title\">\n\t\t\t\t\t\t<span  >\n\t\t\t\t\t\t\t06 75 45 34 33\t\t\t\t\t\t<\/span>\n\t\t\t\t\t<\/h3>\n\t\t\t\t\n\t\t\t\t\n\t\t\t<\/div>\n\t\t\t\n\t\t<\/div>\n\t\t\t\t\t\t<\/div>\n\t\t\t\t<\/div>\n\t\t\t\t<div class=\"elementor-element elementor-element-60d833b elementor-position-inline-start elementor-mobile-position-inline-start elementor-widget__width-inherit elementor-view-default elementor-widget elementor-widget-icon-box\" data-id=\"60d833b\" data-element_type=\"widget\" data-e-type=\"widget\" data-widget_type=\"icon-box.default\">\n\t\t\t\t<div class=\"elementor-widget-container\">\n\t\t\t\t\t\t\t<div class=\"elementor-icon-box-wrapper\">\n\n\t\t\t\t\t\t<div class=\"elementor-icon-box-icon\">\n\t\t\t\t<span  class=\"elementor-icon\">\n\t\t\t\t<svg aria-hidden=\"true\" class=\"e-font-icon-svg e-fas-mail-bulk\" viewBox=\"0 0 576 512\" xmlns=\"http:\/\/www.w3.org\/2000\/svg\"><path d=\"M160 448c-25.6 0-51.2-22.4-64-32-64-44.8-83.2-60.8-96-70.4V480c0 17.67 14.33 32 32 32h256c17.67 0 32-14.33 32-32V345.6c-12.8 9.6-32 25.6-96 70.4-12.8 9.6-38.4 32-64 32zm128-192H32c-17.67 0-32 14.33-32 32v16c25.6 19.2 22.4 19.2 115.2 86.4 9.6 6.4 28.8 25.6 44.8 25.6s35.2-19.2 44.8-22.4c92.8-67.2 89.6-67.2 115.2-86.4V288c0-17.67-14.33-32-32-32zm256-96H224c-17.67 0-32 14.33-32 32v32h96c33.21 0 60.59 25.42 63.71 57.82l.29-.22V416h192c17.67 0 32-14.33 32-32V192c0-17.67-14.33-32-32-32zm-32 128h-64v-64h64v64zm-352-96c0-35.29 28.71-64 64-64h224V32c0-17.67-14.33-32-32-32H96C78.33 0 64 14.33 64 32v192h96v-32z\"><\/path><\/svg>\t\t\t\t<\/span>\n\t\t\t<\/div>\n\t\t\t\n\t\t\t\t\t\t<div class=\"elementor-icon-box-content\">\n\n\t\t\t\t\t\t\t\t\t<h3 class=\"elementor-icon-box-title\">\n\t\t\t\t\t\t<span  >\n\t\t\t\t\t\t\taureliaclement246@gmail.com\t\t\t\t\t\t<\/span>\n\t\t\t\t\t<\/h3>\n\t\t\t\t\n\t\t\t\t\n\t\t\t<\/div>\n\t\t\t\n\t\t<\/div>\n\t\t\t\t\t\t<\/div>\n\t\t\t\t<\/div>\n\t\t\t\t<\/div>\n\t\t\t\t\t<\/div>\n\t\t\t\t<\/div>\n\t\t<div class=\"elementor-element elementor-element-08a5dbc e-flex e-con-boxed e-con e-parent\" data-id=\"08a5dbc\" data-element_type=\"container\" data-e-type=\"container\" data-settings=\"{&quot;background_background&quot;:&quot;classic&quot;}\">\n\t\t\t\t\t<div class=\"e-con-inner\">\n\t\t\t\t<div class=\"elementor-element elementor-element-16c4e70 elementor-widget__width-inherit elementor-widget elementor-widget-spacer\" data-id=\"16c4e70\" data-element_type=\"widget\" data-e-type=\"widget\" data-widget_type=\"spacer.default\">\n\t\t\t\t<div class=\"elementor-widget-container\">\n\t\t\t\t\t\t\t<div class=\"elementor-spacer\">\n\t\t\t<div class=\"elementor-spacer-inner\"><\/div>\n\t\t<\/div>\n\t\t\t\t\t\t<\/div>\n\t\t\t\t<\/div>\n\t\t\t\t\t<\/div>\n\t\t\t\t<\/div>\n\t\t\t\t<\/div>\n\t\t","protected":false},"excerpt":{"rendered":"<p>Form\u00e9e \u00e0 l\u2019ENS Louis Lumi\u00e8re, je suis cheffe op\u00e9ratrice principalement de court-m\u00e9trages de fiction, mais je m\u2019ouvre aussi aux documentaires et films musicaux. Je valorise particuli\u00e8rement la dimension politique et humaine des projets dans lesquels je m\u2019engage. Ce qui me passionne avant tout, c\u2019est de transposer \u00e0 l\u2019image la vision d\u2019un.e r\u00e9alisateurice. J\u2019adore la diversit\u00e9&#8230;<\/p>\n","protected":false},"author":1,"featured_media":0,"parent":0,"menu_order":20,"comment_status":"closed","ping_status":"closed","template":"","meta":{"editor_plus_copied_stylings":"{}","_kad_post_transparent":"","_kad_post_title":"hide","_kad_post_layout":"fullwidth","_kad_post_sidebar_id":"","_kad_post_content_style":"unboxed","_kad_post_vertical_padding":"hide","_kad_post_feature":"hide","_kad_post_feature_position":"","_kad_post_header":false,"_kad_post_footer":false,"_kad_post_classname":"","two_page_speed":[],"footnotes":""},"class_list":["post-25","page","type-page","status-publish","hentry"],"yoast_head":"<!-- This site is optimized with the Yoast SEO plugin v27.3 - https:\/\/yoast.com\/product\/yoast-seo-wordpress\/ -->\n<title>A Propos - Aur\u00e9lia Cl\u00e9ment<\/title>\n<meta name=\"robots\" content=\"index, follow, max-snippet:-1, max-image-preview:large, max-video-preview:-1\" \/>\n<link rel=\"canonical\" href=\"https:\/\/aureliaclement.com\/?page_id=25\" \/>\n<meta property=\"og:locale\" content=\"fr_FR\" \/>\n<meta property=\"og:type\" content=\"article\" \/>\n<meta property=\"og:title\" content=\"A Propos - Aur\u00e9lia Cl\u00e9ment\" \/>\n<meta property=\"og:description\" content=\"Form\u00e9e \u00e0 l\u2019ENS Louis Lumi\u00e8re, je suis cheffe op\u00e9ratrice principalement de court-m\u00e9trages de fiction, mais je m\u2019ouvre aussi aux documentaires et films musicaux. Je valorise particuli\u00e8rement la dimension politique et humaine des projets dans lesquels je m\u2019engage. Ce qui me passionne avant tout, c\u2019est de transposer \u00e0 l\u2019image la vision d\u2019un.e r\u00e9alisateurice. J\u2019adore la diversit\u00e9...\" \/>\n<meta property=\"og:url\" content=\"https:\/\/aureliaclement.com\/?page_id=25\" \/>\n<meta property=\"og:site_name\" content=\"Aur\u00e9lia Cl\u00e9ment\" \/>\n<meta property=\"article:modified_time\" content=\"2025-12-28T18:27:25+00:00\" \/>\n<meta property=\"og:image\" content=\"http:\/\/aureliaclement.com\/wp-content\/uploads\/2024\/05\/DSC0509-scaled.jpg\" \/>\n<meta name=\"twitter:card\" content=\"summary_large_image\" \/>\n<meta name=\"twitter:label1\" content=\"Dur\u00e9e de lecture estim\u00e9e\" \/>\n\t<meta name=\"twitter:data1\" content=\"5 minutes\" \/>\n<script type=\"application\/ld+json\" class=\"yoast-schema-graph\">{\"@context\":\"https:\\\/\\\/schema.org\",\"@graph\":[{\"@type\":\"WebPage\",\"@id\":\"https:\\\/\\\/aureliaclement.com\\\/?page_id=25\",\"url\":\"https:\\\/\\\/aureliaclement.com\\\/?page_id=25\",\"name\":\"A Propos - Aur\u00e9lia Cl\u00e9ment\",\"isPartOf\":{\"@id\":\"https:\\\/\\\/aureliaclement.com\\\/#website\"},\"primaryImageOfPage\":{\"@id\":\"https:\\\/\\\/aureliaclement.com\\\/?page_id=25#primaryimage\"},\"image\":{\"@id\":\"https:\\\/\\\/aureliaclement.com\\\/?page_id=25#primaryimage\"},\"thumbnailUrl\":\"http:\\\/\\\/aureliaclement.com\\\/wp-content\\\/uploads\\\/2024\\\/05\\\/DSC0509-scaled.jpg\",\"datePublished\":\"2023-11-20T17:41:54+00:00\",\"dateModified\":\"2025-12-28T18:27:25+00:00\",\"breadcrumb\":{\"@id\":\"https:\\\/\\\/aureliaclement.com\\\/?page_id=25#breadcrumb\"},\"inLanguage\":\"fr-FR\",\"potentialAction\":[{\"@type\":\"ReadAction\",\"target\":[\"https:\\\/\\\/aureliaclement.com\\\/?page_id=25\"]}]},{\"@type\":\"ImageObject\",\"inLanguage\":\"fr-FR\",\"@id\":\"https:\\\/\\\/aureliaclement.com\\\/?page_id=25#primaryimage\",\"url\":\"http:\\\/\\\/aureliaclement.com\\\/wp-content\\\/uploads\\\/2024\\\/05\\\/DSC0509-scaled.jpg\",\"contentUrl\":\"http:\\\/\\\/aureliaclement.com\\\/wp-content\\\/uploads\\\/2024\\\/05\\\/DSC0509-scaled.jpg\"},{\"@type\":\"BreadcrumbList\",\"@id\":\"https:\\\/\\\/aureliaclement.com\\\/?page_id=25#breadcrumb\",\"itemListElement\":[{\"@type\":\"ListItem\",\"position\":1,\"name\":\"Accueil\",\"item\":\"https:\\\/\\\/aureliaclement.com\\\/\"},{\"@type\":\"ListItem\",\"position\":2,\"name\":\"A Propos\"}]},{\"@type\":\"WebSite\",\"@id\":\"https:\\\/\\\/aureliaclement.com\\\/#website\",\"url\":\"https:\\\/\\\/aureliaclement.com\\\/\",\"name\":\"Aur\u00e9lia Cl\u00e9ment\",\"description\":\"Cheffe op\u00e9ratrice\",\"potentialAction\":[{\"@type\":\"SearchAction\",\"target\":{\"@type\":\"EntryPoint\",\"urlTemplate\":\"https:\\\/\\\/aureliaclement.com\\\/?s={search_term_string}\"},\"query-input\":{\"@type\":\"PropertyValueSpecification\",\"valueRequired\":true,\"valueName\":\"search_term_string\"}}],\"inLanguage\":\"fr-FR\"}]}<\/script>\n<!-- \/ Yoast SEO plugin. -->","yoast_head_json":{"title":"A Propos - Aur\u00e9lia Cl\u00e9ment","robots":{"index":"index","follow":"follow","max-snippet":"max-snippet:-1","max-image-preview":"max-image-preview:large","max-video-preview":"max-video-preview:-1"},"canonical":"https:\/\/aureliaclement.com\/?page_id=25","og_locale":"fr_FR","og_type":"article","og_title":"A Propos - Aur\u00e9lia Cl\u00e9ment","og_description":"Form\u00e9e \u00e0 l\u2019ENS Louis Lumi\u00e8re, je suis cheffe op\u00e9ratrice principalement de court-m\u00e9trages de fiction, mais je m\u2019ouvre aussi aux documentaires et films musicaux. Je valorise particuli\u00e8rement la dimension politique et humaine des projets dans lesquels je m\u2019engage. Ce qui me passionne avant tout, c\u2019est de transposer \u00e0 l\u2019image la vision d\u2019un.e r\u00e9alisateurice. J\u2019adore la diversit\u00e9...","og_url":"https:\/\/aureliaclement.com\/?page_id=25","og_site_name":"Aur\u00e9lia Cl\u00e9ment","article_modified_time":"2025-12-28T18:27:25+00:00","og_image":[{"url":"http:\/\/aureliaclement.com\/wp-content\/uploads\/2024\/05\/DSC0509-scaled.jpg","type":"","width":"","height":""}],"twitter_card":"summary_large_image","twitter_misc":{"Dur\u00e9e de lecture estim\u00e9e":"5 minutes"},"schema":{"@context":"https:\/\/schema.org","@graph":[{"@type":"WebPage","@id":"https:\/\/aureliaclement.com\/?page_id=25","url":"https:\/\/aureliaclement.com\/?page_id=25","name":"A Propos - Aur\u00e9lia Cl\u00e9ment","isPartOf":{"@id":"https:\/\/aureliaclement.com\/#website"},"primaryImageOfPage":{"@id":"https:\/\/aureliaclement.com\/?page_id=25#primaryimage"},"image":{"@id":"https:\/\/aureliaclement.com\/?page_id=25#primaryimage"},"thumbnailUrl":"http:\/\/aureliaclement.com\/wp-content\/uploads\/2024\/05\/DSC0509-scaled.jpg","datePublished":"2023-11-20T17:41:54+00:00","dateModified":"2025-12-28T18:27:25+00:00","breadcrumb":{"@id":"https:\/\/aureliaclement.com\/?page_id=25#breadcrumb"},"inLanguage":"fr-FR","potentialAction":[{"@type":"ReadAction","target":["https:\/\/aureliaclement.com\/?page_id=25"]}]},{"@type":"ImageObject","inLanguage":"fr-FR","@id":"https:\/\/aureliaclement.com\/?page_id=25#primaryimage","url":"http:\/\/aureliaclement.com\/wp-content\/uploads\/2024\/05\/DSC0509-scaled.jpg","contentUrl":"http:\/\/aureliaclement.com\/wp-content\/uploads\/2024\/05\/DSC0509-scaled.jpg"},{"@type":"BreadcrumbList","@id":"https:\/\/aureliaclement.com\/?page_id=25#breadcrumb","itemListElement":[{"@type":"ListItem","position":1,"name":"Accueil","item":"https:\/\/aureliaclement.com\/"},{"@type":"ListItem","position":2,"name":"A Propos"}]},{"@type":"WebSite","@id":"https:\/\/aureliaclement.com\/#website","url":"https:\/\/aureliaclement.com\/","name":"Aur\u00e9lia Cl\u00e9ment","description":"Cheffe op\u00e9ratrice","potentialAction":[{"@type":"SearchAction","target":{"@type":"EntryPoint","urlTemplate":"https:\/\/aureliaclement.com\/?s={search_term_string}"},"query-input":{"@type":"PropertyValueSpecification","valueRequired":true,"valueName":"search_term_string"}}],"inLanguage":"fr-FR"}]}},"_links":{"self":[{"href":"https:\/\/aureliaclement.com\/index.php?rest_route=\/wp\/v2\/pages\/25","targetHints":{"allow":["GET"]}}],"collection":[{"href":"https:\/\/aureliaclement.com\/index.php?rest_route=\/wp\/v2\/pages"}],"about":[{"href":"https:\/\/aureliaclement.com\/index.php?rest_route=\/wp\/v2\/types\/page"}],"author":[{"embeddable":true,"href":"https:\/\/aureliaclement.com\/index.php?rest_route=\/wp\/v2\/users\/1"}],"replies":[{"embeddable":true,"href":"https:\/\/aureliaclement.com\/index.php?rest_route=%2Fwp%2Fv2%2Fcomments&post=25"}],"version-history":[{"count":182,"href":"https:\/\/aureliaclement.com\/index.php?rest_route=\/wp\/v2\/pages\/25\/revisions"}],"predecessor-version":[{"id":4593,"href":"https:\/\/aureliaclement.com\/index.php?rest_route=\/wp\/v2\/pages\/25\/revisions\/4593"}],"wp:attachment":[{"href":"https:\/\/aureliaclement.com\/index.php?rest_route=%2Fwp%2Fv2%2Fmedia&parent=25"}],"curies":[{"name":"wp","href":"https:\/\/api.w.org\/{rel}","templated":true}]}}